{"id":1062537,"date":"2022-03-16T10:25:05","date_gmt":"2022-03-16T08:25:05","guid":{"rendered":"https:\/\/atvido.com\/lieferpreise\/"},"modified":"2022-03-16T10:25:05","modified_gmt":"2022-03-16T08:25:05","slug":"lieferpreise","status":"publish","type":"page","link":"https:\/\/atvido.com\/de\/lieferpreise\/","title":{"rendered":"Lieferpreise"},"content":{"rendered":"\t\t<div data-elementor-type=\"wp-page\" data-elementor-id=\"1062537\" class=\"elementor elementor-1062537 elementor-1060633\" data-elementor-post-type=\"page\">\n\t\t\t\t\t\t<section class=\"elementor-section elementor-top-section elementor-element elementor-element-d95d600 elementor-section-full_width elementor-section-height-default elementor-section-height-default\" data-id=\"d95d600\" data-element_type=\"section\" data-e-type=\"section\">\n\t\t\t\t\t\t<div class=\"elementor-container elementor-column-gap-no\">\n\t\t\t\t\t<div class=\"elementor-column elementor-col-100 elementor-top-column elementor-element elementor-element-928c372\" data-id=\"928c372\" data-element_type=\"column\" data-e-type=\"column\">\n\t\t\t<div class=\"elementor-widget-wrap elementor-element-populated\">\n\t\t\t\t\t\t<div class=\"elementor-element elementor-element-00f091b elementor-widget elementor-widget-atvyko-heading\" data-id=\"00f091b\" data-element_type=\"widget\" data-e-type=\"widget\" data-widget_type=\"atvyko-heading.default\">\n\t\t\t\t<div class=\"elementor-widget-container\">\n\t\t\t\t\t\n\t\t<div class=\"atvyko-heading heading heading--center heading--bg heading--default el-after-none\">\n\n\t\t\t<div class=\"row row row--justify-center row--align-center\">\n\t\t\t\t<div class=\"col col--10 col--lg-12\">\n\t\t\t\t\t<h1>Preki\u0173 pristatymo kainos<\/h1>\t\t\t\t\t\n\t\t\t\t\t\t\t\t\t\t\t<div class=\"heading__text-link\">\n\t\t\t\t\t\t\t\t\t\t\t\t\t<span>\n\t\t\t\t\t\t\t\tSuteikiame nemokam\u0105 preki\u0173 gra\u017einim\u0105!\t\t\t\t\t\t\t<\/span>\n\t\t\t\t\t\t\t\t\t\t\t\t<\/div>\n\t\t\t\t\t\t\t\t\t<\/div>\n\t\t\t<\/div>\n\n\t\t\t\n\t\t<\/div>\n\n\t\t\t\t\t\t<\/div>\n\t\t\t\t<\/div>\n\t\t\t\t\t<\/div>\n\t\t<\/div>\n\t\t\t\t\t<\/div>\n\t\t<\/section>\n\t\t\t\t<section class=\"elementor-section elementor-top-section elementor-element elementor-element-9ba43a0 elementor-section-full_width elementor-section-height-default elementor-section-height-default\" data-id=\"9ba43a0\" data-element_type=\"section\" data-e-type=\"section\">\n\t\t\t\t\t\t<div class=\"elementor-container elementor-column-gap-no\">\n\t\t\t\t\t<div class=\"elementor-column elementor-col-100 elementor-top-column elementor-element elementor-element-6d979d9\" data-id=\"6d979d9\" data-element_type=\"column\" data-e-type=\"column\">\n\t\t\t<div class=\"elementor-widget-wrap elementor-element-populated\">\n\t\t\t\t\t\t<div class=\"elementor-element elementor-element-fd8927c elementor-widget elementor-widget-atvyko-heading\" data-id=\"fd8927c\" data-element_type=\"widget\" data-e-type=\"widget\" data-widget_type=\"atvyko-heading.default\">\n\t\t\t\t<div class=\"elementor-widget-container\">\n\t\t\t\t\t\n\t\t<div class=\"atvyko-heading heading heading--center heading--bg el-after-style_1\">\n\n\t\t\t<div class=\"row row row--justify-center row--align-center\">\n\t\t\t\t<div class=\"col col--10 col--lg-12\">\n\t\t\t\t\t<h1>Reduce Your Shipping Costs<\/h1>\t\t\t\t\t\t\t\t\t\t<div class=\"heading__excerpt\">\n\t\t\t\t\t\t<p>\nShopping UK e-shops means getting great products, but shipping multiple packages overseas direct from the merchant can be very costly.<\/p>\n\t\t\t\t\t<\/div>\n\t\t\t\t\t\n\t\t\t\t\t\t\t\t\t<\/div>\n\t\t\t<\/div>\n\n\t\t\t\t\t\t<div class=\"row row--justify-center\">\n\t\t\t\t<div class=\"col col--7 col--lg-8 col--md-9 col--sm-12\">\n\t\t\t\t\t<div class=\"heading__image\">\n\t\t\t\t\t\t\n\t\t\t\t\t\t<img fetchpriority=\"high\" decoding=\"async\" width=\"640\" height=\"377\" src=\"https:\/\/atvido.com\/wp-content\/uploads\/2022\/03\/kaip-tai-veikia.png\" class=\"attachment-large size-large\" alt=\"\" srcset=\"https:\/\/atvido.com\/wp-content\/uploads\/2022\/03\/kaip-tai-veikia.png 640w, https:\/\/atvido.com\/wp-content\/uploads\/2022\/03\/kaip-tai-veikia-300x177.png 300w\" sizes=\"(max-width: 640px) 100vw, 640px\" \/>\t\t\t\t\t<\/div>\n\t\t\t\t<\/div>\n\t\t\t<\/div>\n\t\t\t\n\t\t<\/div>\n\n\t\t\t\t\t\t<\/div>\n\t\t\t\t<\/div>\n\t\t\t\t<div class=\"elementor-element elementor-element-b8a38dd elementor-widget elementor-widget-atvyko-image-text\" data-id=\"b8a38dd\" data-element_type=\"widget\" data-e-type=\"widget\" data-widget_type=\"atvyko-image-text.default\">\n\t\t\t\t<div class=\"elementor-widget-container\">\n\t\t\t\t\t\n\n\t\t<div class=\"atvyko-image-text atvyko-image-text--right atvyko-image-text--content el-after-style_2\">\n\t\t\t\t\t\t<div class=\"row row--align-center row--justify-between\">\n\t\t\t\t<div class=\"col col--5 col--lg-6 col--md-order-2\">\n\t\t\t\n\t\t\t\t\t\t\t\t\t\t<div class=\"atvyko-image-text__heading\">\n\t\t\t\t\t\t\t\t\t\t\t\t\t<h2>step 1<\/h2>\n\t\t\t\t\t\t\t\t\t\t\t\t\t\t\t\t\t<\/div>\n\t\t\t\t\t\n\t\t\t\t\t<h4>Shop from multiple brands<\/h4><p>Shipping single packages can be costly, when you want to buy from different brands like Amazon, Apple, Ebay, Carter\u2019s, and many more. Forward.me operation experts combine your packages into one so you can save from shipping price.<\/p>\n\t\t\t\t\t\n\t\t\t\t\t\n\t\t\t\t<\/div>\n\n\t\t\t\t\t\t\t\t<div class=\"col col--6 col--md-order-1\">\n\t\t\t\t\n\t\t\t\t\t<figure class=\"atvyko-image\">\n\t\t\t\t\t\t<div>\n\t\t\t\t\t\t<img decoding=\"async\" width=\"496\" height=\"284\" src=\"https:\/\/atvido.com\/wp-content\/uploads\/2022\/04\/1-zingsnis.png\" class=\"attachment-large size-large\" alt=\"\" srcset=\"https:\/\/atvido.com\/wp-content\/uploads\/2022\/04\/1-zingsnis.png 496w, https:\/\/atvido.com\/wp-content\/uploads\/2022\/04\/1-zingsnis-300x172.png 300w\" sizes=\"(max-width: 496px) 100vw, 496px\" \/>\t\t\t\t\t\t<\/div>\n\t\t\t\t\t<\/figure>\n\n\t\t\t\t<\/div>\n\t\t\t<\/div>\n\t\t<\/div>\n\n\t\t\t\t\t\t<\/div>\n\t\t\t\t<\/div>\n\t\t\t\t<div class=\"elementor-element elementor-element-80c2c40 elementor-widget elementor-widget-atvyko-image-text\" data-id=\"80c2c40\" data-element_type=\"widget\" data-e-type=\"widget\" data-widget_type=\"atvyko-image-text.default\">\n\t\t\t\t<div class=\"elementor-widget-container\">\n\t\t\t\t\t\n\n\t\t<div class=\"atvyko-image-text atvyko-image-text--left atvyko-image-text--content el-after-style_3\">\n\t\t\t\t\t\t<div class=\"row row--align-center row--justify-between\">\n\t\t\t\t<div class=\"col col--5 col--lg-6 col--md-order-2\">\n\t\t\t\n\t\t\t\t\t\t\t\t\t\t<div class=\"atvyko-image-text__heading\">\n\t\t\t\t\t\t\t\t\t\t\t\t\t<h2>step 2<\/h2>\n\t\t\t\t\t\t\t\t\t\t\t\t\t\t\t\t\t<\/div>\n\t\t\t\t\t\n\t\t\t\t\t<h4>Consolidate as many as you want<\/h4><p>Once we receive your packages in our facility, you can choose the ones that you want to be combined, and we will do the rest. Our experts will take out items from its outer box or original box, whichever you want, to reduce the size and weight.<\/p>\n\t\t\t\t\t\n\t\t\t\t\t\n\t\t\t\t<\/div>\n\n\t\t\t\t\t\t\t\t<div class=\"col col--6 col--md-order-1\">\n\t\t\t\t\n\t\t\t\t\t<figure class=\"atvyko-image\">\n\t\t\t\t\t\t<div>\n\t\t\t\t\t\t<img decoding=\"async\" width=\"496\" height=\"284\" src=\"https:\/\/atvido.com\/wp-content\/uploads\/2022\/04\/2-zingsnis.png\" class=\"attachment-large size-large\" alt=\"\" srcset=\"https:\/\/atvido.com\/wp-content\/uploads\/2022\/04\/2-zingsnis.png 496w, https:\/\/atvido.com\/wp-content\/uploads\/2022\/04\/2-zingsnis-300x172.png 300w\" sizes=\"(max-width: 496px) 100vw, 496px\" \/>\t\t\t\t\t\t<\/div>\n\t\t\t\t\t<\/figure>\n\n\t\t\t\t<\/div>\n\t\t\t<\/div>\n\t\t<\/div>\n\n\t\t\t\t\t\t<\/div>\n\t\t\t\t<\/div>\n\t\t\t\t<div class=\"elementor-element elementor-element-4cbf8ce elementor-widget elementor-widget-atvyko-image-text\" data-id=\"4cbf8ce\" data-element_type=\"widget\" data-e-type=\"widget\" data-widget_type=\"atvyko-image-text.default\">\n\t\t\t\t<div class=\"elementor-widget-container\">\n\t\t\t\t\t\n\n\t\t<div class=\"atvyko-image-text atvyko-image-text--right atvyko-image-text--content el-after-style_2\">\n\t\t\t\t\t\t<div class=\"row row--align-center row--justify-between\">\n\t\t\t\t<div class=\"col col--5 col--lg-6 col--md-order-2\">\n\t\t\t\n\t\t\t\t\t\t\t\t\t\t<div class=\"atvyko-image-text__heading\">\n\t\t\t\t\t\t\t\t\t\t\t\t\t<h2>step 3<\/h2>\n\t\t\t\t\t\t\t\t\t\t\t\t\t\t\t\t\t<\/div>\n\t\t\t\t\t\n\t\t\t\t\t<h4>Save more from the shipping<\/h4><p>One package with all of your purchases. We'll ship it to you as fast and quickly as we can so that you get the best service possible!<\/p>\n\t\t\t\t\t\n\t\t\t\t\t\n\t\t\t\t<\/div>\n\n\t\t\t\t\t\t\t\t<div class=\"col col--6 col--md-order-1\">\n\t\t\t\t\n\t\t\t\t\t<figure class=\"atvyko-image\">\n\t\t\t\t\t\t<div>\n\t\t\t\t\t\t<img loading=\"lazy\" decoding=\"async\" width=\"496\" height=\"284\" src=\"https:\/\/atvido.com\/wp-content\/uploads\/2022\/04\/3-zingsnis-2.png\" class=\"attachment-large size-large\" alt=\"\" srcset=\"https:\/\/atvido.com\/wp-content\/uploads\/2022\/04\/3-zingsnis-2.png 496w, https:\/\/atvido.com\/wp-content\/uploads\/2022\/04\/3-zingsnis-2-300x172.png 300w\" sizes=\"(max-width: 496px) 100vw, 496px\" \/>\t\t\t\t\t\t<\/div>\n\t\t\t\t\t<\/figure>\n\n\t\t\t\t<\/div>\n\t\t\t<\/div>\n\t\t<\/div>\n\n\t\t\t\t\t\t<\/div>\n\t\t\t\t<\/div>\n\t\t\t\t\t<\/div>\n\t\t<\/div>\n\t\t\t\t\t<\/div>\n\t\t<\/section>\n\t\t\t\t<section class=\"elementor-section elementor-top-section elementor-element elementor-element-625369f elementor-section-full_width elementor-section-height-default elementor-section-height-default\" data-id=\"625369f\" data-element_type=\"section\" data-e-type=\"section\">\n\t\t\t\t\t\t<div class=\"elementor-container elementor-column-gap-default\">\n\t\t\t\t\t<div class=\"elementor-column elementor-col-100 elementor-top-column elementor-element elementor-element-452edeb\" data-id=\"452edeb\" data-element_type=\"column\" data-e-type=\"column\">\n\t\t\t<div class=\"elementor-widget-wrap elementor-element-populated\">\n\t\t\t\t\t\t<div class=\"elementor-element elementor-element-2cc22c7 elementor-widget elementor-widget-text-editor\" data-id=\"2cc22c7\" data-element_type=\"widget\" data-e-type=\"widget\" data-widget_type=\"text-editor.default\">\n\t\t\t\t<div class=\"elementor-widget-container\">\n\t\t\t\t\t\t\t\t\t<h2>General Terms and Conditions<\/h2><h3>Shipping rates:<\/h3><p>Shipping rates shown include our handling fee, Carrier&#8217;s surcharges and supplement and fuel duty. Basically, the price you see is the price you pay us when you order shipping. Note, rates of course based on our measurement when we have the package, and exclude local tax, duty and Carrier&#8217;s advancement, if applicable.<\/p><h3>Non-standard packages:<\/h3><p>There are no additional fees for non-standard parcels.<\/p><h3>Consolidated shipping<\/h3><p>We charge a consolidated shipping fee of EUR 0.49 for each additional parcel.<\/p><h3>Calculation of the package weight<\/h3><p>The package\u2019s weight is rounded up to a whole number in kilogrammes, so a 0.45\u00a0g package will be calculated as 1\u00a0kg.<\/p><h3>Free returns of goods<\/h3><p>We provide free returns to Poland and Germany for packages weighing up to 31\u00a0kg and having maximum dimensions of 61 x 44 x 37\u00a0cm. Only natural persons are eligible for free returns.<\/p>\t\t\t\t\t\t\t\t<\/div>\n\t\t\t\t<\/div>\n\t\t\t\t\t<\/div>\n\t\t<\/div>\n\t\t\t\t\t<\/div>\n\t\t<\/section>\n\t\t\t\t<section class=\"elementor-section elementor-top-section elementor-element elementor-element-5ca1037 elementor-section-full_width elementor-section-height-default elementor-section-height-default\" data-id=\"5ca1037\" data-element_type=\"section\" data-e-type=\"section\">\n\t\t\t\t\t\t<div class=\"elementor-container elementor-column-gap-default\">\n\t\t\t\t\t<div class=\"elementor-column elementor-col-100 elementor-top-column elementor-element elementor-element-30766c8\" data-id=\"30766c8\" data-element_type=\"column\" data-e-type=\"column\">\n\t\t\t<div class=\"elementor-widget-wrap elementor-element-populated\">\n\t\t\t\t\t\t<div class=\"elementor-element elementor-element-79ec162 elementor-widget elementor-widget-atvyko-faq\" data-id=\"79ec162\" data-element_type=\"widget\" data-e-type=\"widget\" data-widget_type=\"atvyko-faq.default\">\n\t\t\t\t<div class=\"elementor-widget-container\">\n\t\t\t\t\t\n\t\t<div class=\"atvyko-faqs heading heading--bg\">\n\n\t\t\t<div class=\"row row row--justify-center row--align-center\">\n\t\t\t\t<div class=\"col col--10 col--lg-12\">\n\n\t\t\t\t\t\t\t\t\t\t\t<h1>Da\u017enai u\u017eduodami klausimai<\/h1>\n\t\t\t\t\t\n\t\t\t\t\t\n\t\t\t\t<\/div>\n\t\t\t<\/div>\n\n\t\t\t\t\t\t<div class=\"row row--justify-center\">\n\t\t\t\t<div class=\"col col--7 col--lg-8 col--md-9 col--sm-12\">\n\t\t\t\t\t<div class=\"heading__image\">\n\t\t\t\t\t\t<img loading=\"lazy\" decoding=\"async\" width=\"640\" height=\"396\" src=\"https:\/\/atvido.com\/wp-content\/uploads\/2022\/03\/duk.png\" class=\"attachment-large size-large\" alt=\"\" srcset=\"https:\/\/atvido.com\/wp-content\/uploads\/2022\/03\/duk.png 640w, https:\/\/atvido.com\/wp-content\/uploads\/2022\/03\/duk-300x186.png 300w\" sizes=\"(max-width: 640px) 100vw, 640px\" \/>\t\t\t\t\t<\/div>\n\t\t\t\t<\/div>\n\t\t\t<\/div>\n\t\t\t\n\t\t\t\n\t\t\t\n\t\t<\/div>\n\n\t\t\t\t\t\t<\/div>\n\t\t\t\t<\/div>\n\t\t\t\t\t<\/div>\n\t\t<\/div>\n\t\t\t\t\t<\/div>\n\t\t<\/section>\n\t\t\t\t<\/div>\n\t\t","protected":false},"excerpt":{"rendered":"<p>Aus Polen, Deutschland und England<\/p>\n","protected":false},"author":1,"featured_media":0,"parent":0,"menu_order":0,"comment_status":"closed","ping_status":"closed","template":"page-no-header.php","meta":{"inline_featured_image":false,"footnotes":""},"class_list":["post-1062537","page","type-page","status-publish","hentry"],"yoast_head":"<!-- This site is optimized with the Yoast SEO plugin v27.5 - https:\/\/yoast.com\/product\/yoast-seo-wordpress\/ -->\n<title>Lieferpreise - Atvido<\/title>\n<meta name=\"robots\" content=\"index, follow, max-snippet:-1, max-image-preview:large, max-video-preview:-1\" \/>\n<link rel=\"canonical\" href=\"https:\/\/atvido.com\/de\/lieferpreise\/\" \/>\n<meta property=\"og:locale\" content=\"de_DE\" \/>\n<meta property=\"og:type\" content=\"article\" \/>\n<meta property=\"og:title\" content=\"Lieferpreise - Atvido\" \/>\n<meta property=\"og:description\" content=\"Aus Polen, Deutschland und England\" \/>\n<meta property=\"og:url\" content=\"https:\/\/atvido.com\/de\/lieferpreise\/\" \/>\n<meta property=\"og:site_name\" content=\"Atvido\" \/>\n<meta property=\"article:publisher\" content=\"https:\/\/www.facebook.com\/atvido\" \/>\n<meta property=\"og:image\" content=\"https:\/\/atvido.com\/wp-content\/uploads\/2022\/03\/kaip-tai-veikia.png\" \/>\n<meta name=\"twitter:card\" content=\"summary_large_image\" \/>\n<script type=\"application\/ld+json\" class=\"yoast-schema-graph\">{\"@context\":\"https:\\\/\\\/schema.org\",\"@graph\":[{\"@type\":\"WebPage\",\"@id\":\"https:\\\/\\\/atvido.com\\\/de\\\/lieferpreise\\\/\",\"url\":\"https:\\\/\\\/atvido.com\\\/de\\\/lieferpreise\\\/\",\"name\":\"Lieferpreise - Atvido\",\"isPartOf\":{\"@id\":\"https:\\\/\\\/atvido.com\\\/de\\\/#website\"},\"primaryImageOfPage\":{\"@id\":\"https:\\\/\\\/atvido.com\\\/de\\\/lieferpreise\\\/#primaryimage\"},\"image\":{\"@id\":\"https:\\\/\\\/atvido.com\\\/de\\\/lieferpreise\\\/#primaryimage\"},\"thumbnailUrl\":\"https:\\\/\\\/atvido.com\\\/wp-content\\\/uploads\\\/2022\\\/03\\\/kaip-tai-veikia.png\",\"datePublished\":\"2022-03-16T08:25:05+00:00\",\"breadcrumb\":{\"@id\":\"https:\\\/\\\/atvido.com\\\/de\\\/lieferpreise\\\/#breadcrumb\"},\"inLanguage\":\"de\",\"potentialAction\":[{\"@type\":\"ReadAction\",\"target\":[\"https:\\\/\\\/atvido.com\\\/de\\\/lieferpreise\\\/\"]}]},{\"@type\":\"ImageObject\",\"inLanguage\":\"de\",\"@id\":\"https:\\\/\\\/atvido.com\\\/de\\\/lieferpreise\\\/#primaryimage\",\"url\":\"https:\\\/\\\/atvido.com\\\/wp-content\\\/uploads\\\/2022\\\/03\\\/kaip-tai-veikia.png\",\"contentUrl\":\"https:\\\/\\\/atvido.com\\\/wp-content\\\/uploads\\\/2022\\\/03\\\/kaip-tai-veikia.png\"},{\"@type\":\"BreadcrumbList\",\"@id\":\"https:\\\/\\\/atvido.com\\\/de\\\/lieferpreise\\\/#breadcrumb\",\"itemListElement\":[{\"@type\":\"ListItem\",\"position\":1,\"name\":\"Home\",\"item\":\"https:\\\/\\\/atvido.com\\\/de\\\/startseite\\\/\"},{\"@type\":\"ListItem\",\"position\":2,\"name\":\"Lieferpreise\"}]},{\"@type\":\"WebSite\",\"@id\":\"https:\\\/\\\/atvido.com\\\/de\\\/#website\",\"url\":\"https:\\\/\\\/atvido.com\\\/de\\\/\",\"name\":\"Atvido\",\"description\":\"Get an UK address and save up to 80% on international delivery\",\"publisher\":{\"@id\":\"https:\\\/\\\/atvido.com\\\/de\\\/#organization\"},\"potentialAction\":[{\"@type\":\"SearchAction\",\"target\":{\"@type\":\"EntryPoint\",\"urlTemplate\":\"https:\\\/\\\/atvido.com\\\/de\\\/?s={search_term_string}\"},\"query-input\":{\"@type\":\"PropertyValueSpecification\",\"valueRequired\":true,\"valueName\":\"search_term_string\"}}],\"inLanguage\":\"de\"},{\"@type\":\"Organization\",\"@id\":\"https:\\\/\\\/atvido.com\\\/de\\\/#organization\",\"name\":\"Atvido\",\"url\":\"https:\\\/\\\/atvido.com\\\/de\\\/\",\"logo\":{\"@type\":\"ImageObject\",\"inLanguage\":\"de\",\"@id\":\"https:\\\/\\\/atvido.com\\\/de\\\/#\\\/schema\\\/logo\\\/image\\\/\",\"url\":\"https:\\\/\\\/atvido.com\\\/wp-content\\\/uploads\\\/2022\\\/10\\\/Untitled-design-2022-09-27T022430.975.png\",\"contentUrl\":\"https:\\\/\\\/atvido.com\\\/wp-content\\\/uploads\\\/2022\\\/10\\\/Untitled-design-2022-09-27T022430.975.png\",\"width\":1024,\"height\":1024,\"caption\":\"Atvido\"},\"image\":{\"@id\":\"https:\\\/\\\/atvido.com\\\/de\\\/#\\\/schema\\\/logo\\\/image\\\/\"},\"sameAs\":[\"https:\\\/\\\/www.facebook.com\\\/atvido\"]}]}<\/script>\n<!-- \/ Yoast SEO plugin. -->","yoast_head_json":{"title":"Lieferpreise - Atvido","robots":{"index":"index","follow":"follow","max-snippet":"max-snippet:-1","max-image-preview":"max-image-preview:large","max-video-preview":"max-video-preview:-1"},"canonical":"https:\/\/atvido.com\/de\/lieferpreise\/","og_locale":"de_DE","og_type":"article","og_title":"Lieferpreise - Atvido","og_description":"Aus Polen, Deutschland und England","og_url":"https:\/\/atvido.com\/de\/lieferpreise\/","og_site_name":"Atvido","article_publisher":"https:\/\/www.facebook.com\/atvido","og_image":[{"url":"https:\/\/atvido.com\/wp-content\/uploads\/2022\/03\/kaip-tai-veikia.png","type":"","width":"","height":""}],"twitter_card":"summary_large_image","schema":{"@context":"https:\/\/schema.org","@graph":[{"@type":"WebPage","@id":"https:\/\/atvido.com\/de\/lieferpreise\/","url":"https:\/\/atvido.com\/de\/lieferpreise\/","name":"Lieferpreise - Atvido","isPartOf":{"@id":"https:\/\/atvido.com\/de\/#website"},"primaryImageOfPage":{"@id":"https:\/\/atvido.com\/de\/lieferpreise\/#primaryimage"},"image":{"@id":"https:\/\/atvido.com\/de\/lieferpreise\/#primaryimage"},"thumbnailUrl":"https:\/\/atvido.com\/wp-content\/uploads\/2022\/03\/kaip-tai-veikia.png","datePublished":"2022-03-16T08:25:05+00:00","breadcrumb":{"@id":"https:\/\/atvido.com\/de\/lieferpreise\/#breadcrumb"},"inLanguage":"de","potentialAction":[{"@type":"ReadAction","target":["https:\/\/atvido.com\/de\/lieferpreise\/"]}]},{"@type":"ImageObject","inLanguage":"de","@id":"https:\/\/atvido.com\/de\/lieferpreise\/#primaryimage","url":"https:\/\/atvido.com\/wp-content\/uploads\/2022\/03\/kaip-tai-veikia.png","contentUrl":"https:\/\/atvido.com\/wp-content\/uploads\/2022\/03\/kaip-tai-veikia.png"},{"@type":"BreadcrumbList","@id":"https:\/\/atvido.com\/de\/lieferpreise\/#breadcrumb","itemListElement":[{"@type":"ListItem","position":1,"name":"Home","item":"https:\/\/atvido.com\/de\/startseite\/"},{"@type":"ListItem","position":2,"name":"Lieferpreise"}]},{"@type":"WebSite","@id":"https:\/\/atvido.com\/de\/#website","url":"https:\/\/atvido.com\/de\/","name":"Atvido","description":"Get an UK address and save up to 80% on international delivery","publisher":{"@id":"https:\/\/atvido.com\/de\/#organization"},"potentialAction":[{"@type":"SearchAction","target":{"@type":"EntryPoint","urlTemplate":"https:\/\/atvido.com\/de\/?s={search_term_string}"},"query-input":{"@type":"PropertyValueSpecification","valueRequired":true,"valueName":"search_term_string"}}],"inLanguage":"de"},{"@type":"Organization","@id":"https:\/\/atvido.com\/de\/#organization","name":"Atvido","url":"https:\/\/atvido.com\/de\/","logo":{"@type":"ImageObject","inLanguage":"de","@id":"https:\/\/atvido.com\/de\/#\/schema\/logo\/image\/","url":"https:\/\/atvido.com\/wp-content\/uploads\/2022\/10\/Untitled-design-2022-09-27T022430.975.png","contentUrl":"https:\/\/atvido.com\/wp-content\/uploads\/2022\/10\/Untitled-design-2022-09-27T022430.975.png","width":1024,"height":1024,"caption":"Atvido"},"image":{"@id":"https:\/\/atvido.com\/de\/#\/schema\/logo\/image\/"},"sameAs":["https:\/\/www.facebook.com\/atvido"]}]}},"acf":[],"_links":{"self":[{"href":"https:\/\/atvido.com\/de\/wp-json\/wp\/v2\/pages\/1062537","targetHints":{"allow":["GET"]}}],"collection":[{"href":"https:\/\/atvido.com\/de\/wp-json\/wp\/v2\/pages"}],"about":[{"href":"https:\/\/atvido.com\/de\/wp-json\/wp\/v2\/types\/page"}],"author":[{"embeddable":true,"href":"https:\/\/atvido.com\/de\/wp-json\/wp\/v2\/users\/1"}],"replies":[{"embeddable":true,"href":"https:\/\/atvido.com\/de\/wp-json\/wp\/v2\/comments?post=1062537"}],"version-history":[{"count":0,"href":"https:\/\/atvido.com\/de\/wp-json\/wp\/v2\/pages\/1062537\/revisions"}],"wp:attachment":[{"href":"https:\/\/atvido.com\/de\/wp-json\/wp\/v2\/media?parent=1062537"}],"curies":[{"name":"wp","href":"https:\/\/api.w.org\/{rel}","templated":true}]}}