{"id":1062534,"date":"2022-03-06T07:18:04","date_gmt":"2022-03-06T05:18:04","guid":{"rendered":"https:\/\/atvido.com\/datenschutz-und-cookie-richtlinie\/"},"modified":"2022-03-06T07:18:04","modified_gmt":"2022-03-06T05:18:04","slug":"datenschutz-und-cookie-richtlinie","status":"publish","type":"page","link":"https:\/\/atvido.com\/de\/datenschutz-und-cookie-richtlinie\/","title":{"rendered":"Datenschutz und Cookie-Richtlinie"},"content":{"rendered":"\n<h2 class=\"wp-block-heading\"><\/h2>\n\n\n\n<h2 class=\"wp-block-heading\">1. Allgemeine Bestimmungen<\/h2>\n\n\n\n<p>1.1. Die Interessen von UAB Cargolot sind der Schutz der Privatsph\u00e4re ihrer Kunden, die Gew\u00e4hrleistung der Sicherheit der pers\u00f6nlichen Daten und deren Nichtverwendung f\u00fcr illegale Zwecke. Das Unternehmen h\u00e4lt sich an die Verordnung (EU) 2016\/679 des Europ\u00e4ischen Parlaments und des Rates vom 27. April 2016 zum Schutz nat\u00fcrlicher Personen bei der Verarbeitung personenbezogener Daten, zum freien Datenverkehr und zur Aufhebung der Richtlinie 95\/46\/EG (im Folgenden &#8222;Verordnung&#8220;), an das Gesetz der Republik Litauen \u00fcber den rechtlichen Schutz personenbezogener Daten (im Folgenden &#8222;LLPPD&#8220;), an das Gesetz der Republik Litauen \u00fcber elektronische Kommunikation (im Folgenden &#8222;LEC&#8220;) und an andere unmittelbar geltende Rechtsvorschriften, die den Schutz personenbezogener Daten regeln, sowie an die Anweisungen der Datenschutzaufsichtsbeh\u00f6rden (d. h. der staatlichen Datenschutzaufsichtsbeh\u00f6rde). d. h. die staatliche Datenschutzaufsichtsbeh\u00f6rde in Litauen).<\/p>\n\n\n\n<p>1.2. UAB Cargolot betreibt eine Online-Plattform, die unter der Adresse www.atvido.com erreichbar ist (im Folgenden: &#8222;die Plattform&#8220;) und auf der sie als Intermedi\u00e4r f\u00fcr die Zustellung von Paketen auftritt, indem sie ihren Kunden den Online-Einkauf von ihren ausl\u00e4ndischen Adressen aus und die Zustellung derselben Waren an die litauischen Adressen ihrer Kunden erm\u00f6glicht.<\/p>\n\n\n\n<p>1.3. Die Erfassung, Speicherung und Verarbeitung der Daten der Nutzer von UAB Cargolot erfolgt in \u00dcbereinstimmung mit dem Gesetz zum Schutz personenbezogener Daten der Republik Litauen.<\/p>\n\n\n\n<p>1.4. Bei der Verarbeitung von Kundendaten h\u00e4lt sich UAB Cargolot an die folgenden Grunds\u00e4tze:<\/p>\n\n\n\n<p>1.4.1. Pers\u00f6nliche Kundendaten werden nur zu legitimen Zwecken und im Einklang mit dem geltenden Recht gesammelt.<\/p>\n\n\n\n<p>1.4.2. Die Verarbeitung der Daten kann auf zwei Arten erfolgen: automatisch oder manuell.<\/p>\n\n\n\n<p>1.4.3. Der Kunde (die betroffene Person) hat nichts zu beanstanden und ist damit einverstanden, dass seine pers\u00f6nlichen Daten an den Verk\u00e4ufer weitergegeben werden.<\/p>\n\n\n\n<p>1.4.4. Die betroffene Person ist eine der Parteien. Im Anschluss daran kann der Vertrag geschlossen und in Kraft gesetzt werden.<\/p>\n\n\n\n<p>1.4.5. UAB Cargolot hat die Pflicht zur Verarbeitung personenbezogener Daten nur in \u00dcbereinstimmung mit den zum Zeitpunkt der Verarbeitung geltenden Gesetzen.<\/p>\n\n\n\n<p>1.4.6. Personenbezogene Daten werden f\u00fcr die berechtigten Zwecke des Unternehmens oder eines Dritten, dem die personenbezogenen Daten \u00fcbermittelt wurden, verarbeitet, sofern nicht die Interessen der betroffenen Person \u00fcberwiegen.<\/p>\n\n\n\n<p>1.4.7. Die personenbezogenen Daten werden laufend auf den neuesten Stand gebracht.<\/p>\n\n\n\n<p>1.4.8. Die personenbezogenen Daten werden nicht l\u00e4nger als f\u00fcr den Zweck ihrer Verarbeitung notwendig gespeichert.<\/p>\n\n\n\n<p>1.4.9. Die Verarbeitung personenbezogener Daten darf nur durch Mitarbeiter erfolgen, denen diese Rechte und der Zugang zu den Daten einger\u00e4umt worden sind.<\/p>\n\n\n\n<p>1.4.10 Alle Informationen im Zusammenhang mit der Verarbeitung personenbezogener Daten m\u00fcssen vertraulich sein und d\u00fcrfen Dritten nicht zug\u00e4nglich gemacht werden.<\/p>\n\n\n\n<p>1.4.11. Bei der Verarbeitung personenbezogener Daten h\u00e4lt sich UAB Cargolot an die Verordnung (EU) 2016\/679 des Europ\u00e4ischen Parlaments und des Rates vom 27. April 2016 zum Schutz nat\u00fcrlicher Personen bei der Verarbeitung personenbezogener Daten, zum freien Datenverkehr und zur Aufhebung der Richtlinie 95\/46\/EG (im Folgenden &#8222;Verordnung&#8220; genannt), das Gesetz \u00fcber den rechtlichen Schutz personenbezogener Daten der Republik Litauen (im Folgenden &#8222;LLPPD&#8220;), das Gesetz \u00fcber elektronische Kommunikation der Republik Litauen (im Folgenden &#8222;LEC&#8220;) und die anderen Bestimmungen der unmittelbar geltenden Gesetzgebung, die den Schutz personenbezogener Daten regeln, sowie die Anweisungen der Datenschutzaufsichtsbeh\u00f6rden (d. h. der staatlichen Datenschutzinspektion).d. h. die staatliche Datenschutzaufsichtsbeh\u00f6rde in Litauen).<\/p>\n\n\n\n<p>1.5. Sie m\u00fcssen die Bestimmungen und Bedingungen dieser Datenschutzerkl\u00e4rung lesen, bevor Sie die unter www.atvido.com angebotenen Dienste nutzen. Wenden Sie sich bitte per E-Mail an info@atvido.com, wenn Sie Fragen zu dieser Datenschutzerkl\u00e4rung haben.<\/p>\n\n\n\n<p>1.6. Die Dienste k\u00f6nnen genutzt werden von:<\/p>\n\n\n\n<p>1.6.1. Alle vollj\u00e4hrigen nat\u00fcrlichen Personen;<\/p>\n\n\n\n<p>1.6.2. Minderj\u00e4hrige zwischen 15 und 18 Jahren mit Zustimmung der Eltern, sofern sie nicht f\u00fcr ihren Lebensunterhalt auf eigene Eink\u00fcnfte oder Stipendien zur\u00fcckgreifen;<\/p>\n\n\n\n<p>1.6.3. Juristische Personen;<\/p>\n\n\n\n<p>1.6.4. Bevollm\u00e4chtigte aller oben genannten Personen mit Zugang zu allen angebotenen Dienstleistungen.<\/p>\n\n\n\n<h2 class=\"wp-block-heading\">2. Erhebung, Verarbeitung und Speicherung von personenbezogenen Daten<\/h2>\n\n\n\n<p>2.1. Personenbezogene Kundendaten (Vorname, Nachname, Adresse, Telefonnummer, E-Mail-Adresse, IP-Adresse und sonstige Angaben im Anmeldeformular) werden automatisch erhoben und verarbeitet:<\/p>\n\n\n\n<p>2.1.1. L\u00f6sung von Problemen, die bei der Erbringung der Dienstleistung oder der Lieferung von Waren auftreten;<\/p>\n\n\n\n<p>2.1.2. Die Auftr\u00e4ge des Kunden zu bearbeiten;<\/p>\n\n\n\n<p>2.1.3. Ausstellung von Finanzdokumenten;<\/p>\n\n\n\n<p>2.1.4. Zur Erf\u00fcllung anderer vertraglicher Verpflichtungen.<\/p>\n\n\n\n<p>2.2. Wir machen Sie darauf aufmerksam, dass UAB Cargolot seinen Kunden das Recht gew\u00e4hrt, der Verarbeitung des Namens, des Vornamens, der E-Mail-Adresse, der Telefonnummer, der IP-Adresse oder anderer Daten zu Zwecken des Direktmarketings durch das Unternehmen zu widersprechen. Bitte teilen Sie uns per E-Mail mit, wenn Sie nicht w\u00fcnschen, dass Ihre oben genannten Daten f\u00fcr Zwecke des Direktmarketings oder der Gesch\u00e4ftsanalyse verwendet werden: info@atvido.com<\/p>\n\n\n\n<p>2.3. UAB Cargolot kann die IP-Adresse des Nutzers einer Website speichern. Die Speicherung dient ausschlie\u00dflich Zwecken der technischen Optimierung der Webseiten sowie der R\u00fcckverfolgung unzul\u00e4ssiger Aktivit\u00e4ten und hat keinen Einfluss auf personenbezogene Daten des Nutzers.<\/p>\n\n\n\n<p>2.4. Der Kunde muss bei der Registrierung korrekte pers\u00f6nliche Daten angeben.<\/p>\n\n\n\n<p>2.5. Die Daten, die \u00fcber die Besucher der Website &#8222;www.atvido.com&#8220; und die Nutzer der Dienste gesammelt werden, werden in verantwortungsvoller Weise vor Verlust, Missbrauch und nicht autorisierter Nutzung gesch\u00fctzt. Die Daten werden mit einer 256-SSL-Verschl\u00fcsselung gesch\u00fctzt von Ihrem Browser zu unserem Server \u00fcbertragen und verarbeitet. Der Zugang zu Servern mit personenbezogenen Daten ist nur autorisierten Personen gestattet.<\/p>\n\n\n\n<p>2.6. Die Passw\u00f6rter der Nutzer des UAB Cargolot-Dienstes sind verschl\u00fcsselt. Der Benutzer hat die Pflicht, sein Kennwort, den Benutzernamen und alle sonstigen Angaben, die ihm den Zugriff auf www.atvido.com erlauben, geheim zu halten.<\/p>\n\n\n\n<p>2.7. UAB Cargolot wird, au\u00dfer in den folgenden F\u00e4llen, keine pers\u00f6nlichen Daten an Dritte weitergeben, weder entgeltlich noch unentgeltlich:<\/p>\n\n\n\n<p>2.7.1. Wenn der Besucher und\/oder Nutzer seine Zustimmung gegeben hat;<\/p>\n\n\n\n<p>2.7.2. An die Strafverfolgungsbeh\u00f6rden gem\u00e4\u00df dem in den Rechtsvorschriften der Republik Litauen vorgesehenen Verfahren;<\/p>\n\n\n\n<p>2.7.3. Wenn es zur Verhinderung oder Aufkl\u00e4rung von Straftaten erforderlich ist.<\/p>\n\n\n\n<p>2.8. UAB Cargolot ist berechtigt, Daten, die sich nicht direkt auf den Kunden beziehen, wie z.B. Daten \u00fcber gekaufte Waren oder gew\u00e4hlte Zusatzleistungen, nur f\u00fcr statistische Zwecke zu verwenden. Die Erhebung und Verarbeitung dieser Daten erfolgt so, dass die Identit\u00e4t des Kunden oder andere pers\u00f6nlich identifizierbare Informationen nicht offengelegt werden.<\/p>\n\n\n\n<h2 class=\"wp-block-heading\">3. Zugang zu den Daten<\/h2>\n\n\n\n<p>3.1. Der Nutzer kann jederzeit auf seine pers\u00f6nlichen Daten zugreifen, indem er sich in sein Konto einloggt.<\/p>\n\n\n\n<p>3.2. Auf Anfrage kann der Nutzer vom Administrator der Website Auskunft \u00fcber die Art der \u00fcber ihn erhobenen personenbezogenen Daten, den Zweck ihrer Verarbeitung und die Personen, denen sie zur Verf\u00fcgung gestellt werden bzw. im Vorjahr zur Verf\u00fcgung gestellt worden sind, erhalten. Die Informationen werden an die E-Mail-Adresse des Nutzers sp\u00e4testens 30 Kalendertage, nachdem der Nutzer den Antrag gestellt und die Person identifiziert hat, gesendet.<\/p>\n\n\n\n<h2 class=\"wp-block-heading\">4. Cookies<\/h2>\n\n\n\n<p>4.1. UAB Cargolot verwendet zur Erleichterung der Navigation f\u00fcr seine Besucher und\/oder Nutzer, zum besseren Verst\u00e4ndnis ihrer Entscheidungen und zur Verbesserung des Systems Cookies auf seiner Website.<\/p>\n\n\n\n<p>4.2. Cookies sind Textdateien, die beim Besuch der Website www.atvyko.lt vom Server der Website an Ihren Browser gesendet werden. Diese werden gespeichert oder verworfen, je nach Einstellung Ihres Browsers. Mithilfe der Cookies ist es uns m\u00f6glich, Ihren Computer zu identifizieren und Ihnen die wiederholte Eingabe derselben Informationen zu ersparen.<\/p>\n\n\n\n<p>4.3. Die Deaktivierung\/L\u00f6schung von Cookies k\u00f6nnen Sie jederzeit in den Einstellungen Ihres Browsers vornehmen.<\/p>\n\n\n\n<h2 class=\"wp-block-heading\">5. Nutzung und Weitergabe von personenbezogenen Daten an Dritte<\/h2>\n\n\n\n<p>5.1. F\u00fcr den Fall, dass sich der Kunde f\u00fcr die Endlieferung der Ware an die angegebene Adresse entscheidet, beh\u00e4lt sich UAB Cargolot das Recht vor, Informationen an die Drittpartei weiterzuleiten, die die pers\u00f6nlichen Daten des Kunden, wie Name, Vorname, Adresse, Telefonnummer und E-Mail-Adresse, ben\u00f6tigt, um die gew\u00fcnschte Leistung in Verbindung mit der Lieferung der Ware zu erbringen.<\/p>\n\n\n\n<p>5.2. Das Unternehmen kann die Daten auch an andere Personen weiterleiten, es sei denn, die Gesetze der Republik Litauen verbieten eine solche Weitergabe.<\/p>\n\n\n\n<h2 class=\"wp-block-heading\">6. \u00c4nderung und Aktualisierung der personenbezogenen Daten<\/h2>\n\n\n\n<p>6.1. Der Kunde hat das Recht auf \u00c4nderung und\/oder Aktualisierung der im Registrierungsformular angegebenen Daten sowie auf Aus\u00fcbung der in Abschnitt 6.2 der Datenschutzrichtlinie genannten Rechte.<\/p>\n\n\n\n<p>6.2. Der Kunde hat das Recht, nach Kenntnisnahme seiner pers\u00f6nlichen Daten und Feststellung von deren Unrichtigkeit oder Ungenauigkeit, deren Vervollst\u00e4ndigung oder Berichtigung zu verlangen oder deren Verarbeitung und Weiterverwendung mit Ausnahme der Speicherung zu untersagen. Der Kunde hat nach Kenntnisnahme seiner personenbezogenen Daten und Feststellung der Rechtswidrigkeit der Verarbeitung das Recht, die L\u00f6schung seiner personenbezogenen Daten oder die Aussetzung der Verarbeitung\/Nutzung, mit Ausnahme der Speicherung, zu verlangen.<\/p>\n\n\n\n<h2 class=\"wp-block-heading\">7. Schlussbestimmungen<\/h2>\n\n\n\n<p>7.1. Eine \u00c4nderung der Datenschutzbestimmungen durch UAB Cargolot ist jederzeit m\u00f6glich und tritt mit der Ver\u00f6ffentlichung auf der Website www.atvyko.lt in Kraft. Wir empfehlen Ihnen daher, sich bei der Nutzung der Dienste der Website &#8222;www.atvido.com&#8220; stets \u00fcber die aktuellen Bestimmungen der Datenschutzrichtlinie zu informieren, die zum Zeitpunkt des Besuchs der Website und der Nutzung der Dienste gelten.<\/p>\n\n\n\n<p>7.2. Im Falle der weiteren Nutzung der Dienstleistungen der UAB &#8222;Cargolot&#8220; nach der Erg\u00e4nzung oder \u00c4nderung der Datenschutzbestimmungen durch den Kunden wird davon ausgegangen, dass der Kunde mit der neuesten Version der Datenschutzbestimmungen einverstanden ist.<\/p>\n","protected":false},"excerpt":{"rendered":"<p>1. Allgemeine Bestimmungen 1.1. Die Interessen von UAB Cargolot sind der Schutz der Privatsph\u00e4re ihrer Kunden, die Gew\u00e4hrleistung der Sicherheit&#8230;<\/p>\n","protected":false},"author":1,"featured_media":0,"parent":0,"menu_order":0,"comment_status":"closed","ping_status":"open","template":"","meta":{"inline_featured_image":false,"footnotes":""},"class_list":["post-1062534","page","type-page","status-publish","hentry"],"yoast_head":"<!-- This site is optimized with the Yoast SEO plugin v27.4 - https:\/\/yoast.com\/product\/yoast-seo-wordpress\/ -->\n<title>Datenschutz und Cookie-Richtlinie - Atvido<\/title>\n<meta name=\"robots\" content=\"index, follow, max-snippet:-1, max-image-preview:large, max-video-preview:-1\" \/>\n<link rel=\"canonical\" href=\"https:\/\/atvido.com\/de\/datenschutz-und-cookie-richtlinie\/\" \/>\n<meta property=\"og:locale\" content=\"de_DE\" \/>\n<meta property=\"og:type\" content=\"article\" \/>\n<meta property=\"og:title\" content=\"Datenschutz und Cookie-Richtlinie - Atvido\" \/>\n<meta property=\"og:description\" content=\"1. Allgemeine Bestimmungen 1.1. Die Interessen von UAB Cargolot sind der Schutz der Privatsph\u00e4re ihrer Kunden, die Gew\u00e4hrleistung der Sicherheit...\" \/>\n<meta property=\"og:url\" content=\"https:\/\/atvido.com\/de\/datenschutz-und-cookie-richtlinie\/\" \/>\n<meta property=\"og:site_name\" content=\"Atvido\" \/>\n<meta property=\"article:publisher\" content=\"https:\/\/www.facebook.com\/atvido\" \/>\n<meta property=\"og:image\" content=\"https:\/\/atvido.com\/wp-content\/uploads\/2022\/10\/calculate-shipping.png\" \/>\n\t<meta property=\"og:image:width\" content=\"544\" \/>\n\t<meta property=\"og:image:height\" content=\"398\" \/>\n\t<meta property=\"og:image:type\" content=\"image\/png\" \/>\n<meta name=\"twitter:card\" content=\"summary_large_image\" \/>\n<script type=\"application\/ld+json\" class=\"yoast-schema-graph\">{\"@context\":\"https:\\\/\\\/schema.org\",\"@graph\":[{\"@type\":\"WebPage\",\"@id\":\"https:\\\/\\\/atvido.com\\\/de\\\/datenschutz-und-cookie-richtlinie\\\/\",\"url\":\"https:\\\/\\\/atvido.com\\\/de\\\/datenschutz-und-cookie-richtlinie\\\/\",\"name\":\"Datenschutz und Cookie-Richtlinie - Atvido\",\"isPartOf\":{\"@id\":\"https:\\\/\\\/atvido.com\\\/de\\\/#website\"},\"datePublished\":\"2022-03-06T05:18:04+00:00\",\"breadcrumb\":{\"@id\":\"https:\\\/\\\/atvido.com\\\/de\\\/datenschutz-und-cookie-richtlinie\\\/#breadcrumb\"},\"inLanguage\":\"de\",\"potentialAction\":[{\"@type\":\"ReadAction\",\"target\":[\"https:\\\/\\\/atvido.com\\\/de\\\/datenschutz-und-cookie-richtlinie\\\/\"]}]},{\"@type\":\"BreadcrumbList\",\"@id\":\"https:\\\/\\\/atvido.com\\\/de\\\/datenschutz-und-cookie-richtlinie\\\/#breadcrumb\",\"itemListElement\":[{\"@type\":\"ListItem\",\"position\":1,\"name\":\"Home\",\"item\":\"https:\\\/\\\/atvido.com\\\/de\\\/startseite\\\/\"},{\"@type\":\"ListItem\",\"position\":2,\"name\":\"Datenschutz und Cookie-Richtlinie\"}]},{\"@type\":\"WebSite\",\"@id\":\"https:\\\/\\\/atvido.com\\\/de\\\/#website\",\"url\":\"https:\\\/\\\/atvido.com\\\/de\\\/\",\"name\":\"Atvido\",\"description\":\"Get an UK address and save up to 80% on international delivery\",\"publisher\":{\"@id\":\"https:\\\/\\\/atvido.com\\\/de\\\/#organization\"},\"potentialAction\":[{\"@type\":\"SearchAction\",\"target\":{\"@type\":\"EntryPoint\",\"urlTemplate\":\"https:\\\/\\\/atvido.com\\\/de\\\/?s={search_term_string}\"},\"query-input\":{\"@type\":\"PropertyValueSpecification\",\"valueRequired\":true,\"valueName\":\"search_term_string\"}}],\"inLanguage\":\"de\"},{\"@type\":\"Organization\",\"@id\":\"https:\\\/\\\/atvido.com\\\/de\\\/#organization\",\"name\":\"Atvido\",\"url\":\"https:\\\/\\\/atvido.com\\\/de\\\/\",\"logo\":{\"@type\":\"ImageObject\",\"inLanguage\":\"de\",\"@id\":\"https:\\\/\\\/atvido.com\\\/de\\\/#\\\/schema\\\/logo\\\/image\\\/\",\"url\":\"https:\\\/\\\/atvido.com\\\/wp-content\\\/uploads\\\/2022\\\/10\\\/Untitled-design-2022-09-27T022430.975.png\",\"contentUrl\":\"https:\\\/\\\/atvido.com\\\/wp-content\\\/uploads\\\/2022\\\/10\\\/Untitled-design-2022-09-27T022430.975.png\",\"width\":1024,\"height\":1024,\"caption\":\"Atvido\"},\"image\":{\"@id\":\"https:\\\/\\\/atvido.com\\\/de\\\/#\\\/schema\\\/logo\\\/image\\\/\"},\"sameAs\":[\"https:\\\/\\\/www.facebook.com\\\/atvido\"]}]}<\/script>\n<!-- \/ Yoast SEO plugin. -->","yoast_head_json":{"title":"Datenschutz und Cookie-Richtlinie - Atvido","robots":{"index":"index","follow":"follow","max-snippet":"max-snippet:-1","max-image-preview":"max-image-preview:large","max-video-preview":"max-video-preview:-1"},"canonical":"https:\/\/atvido.com\/de\/datenschutz-und-cookie-richtlinie\/","og_locale":"de_DE","og_type":"article","og_title":"Datenschutz und Cookie-Richtlinie - Atvido","og_description":"1. Allgemeine Bestimmungen 1.1. Die Interessen von UAB Cargolot sind der Schutz der Privatsph\u00e4re ihrer Kunden, die Gew\u00e4hrleistung der Sicherheit...","og_url":"https:\/\/atvido.com\/de\/datenschutz-und-cookie-richtlinie\/","og_site_name":"Atvido","article_publisher":"https:\/\/www.facebook.com\/atvido","og_image":[{"width":544,"height":398,"url":"https:\/\/atvido.com\/wp-content\/uploads\/2022\/10\/calculate-shipping.png","type":"image\/png"}],"twitter_card":"summary_large_image","schema":{"@context":"https:\/\/schema.org","@graph":[{"@type":"WebPage","@id":"https:\/\/atvido.com\/de\/datenschutz-und-cookie-richtlinie\/","url":"https:\/\/atvido.com\/de\/datenschutz-und-cookie-richtlinie\/","name":"Datenschutz und Cookie-Richtlinie - Atvido","isPartOf":{"@id":"https:\/\/atvido.com\/de\/#website"},"datePublished":"2022-03-06T05:18:04+00:00","breadcrumb":{"@id":"https:\/\/atvido.com\/de\/datenschutz-und-cookie-richtlinie\/#breadcrumb"},"inLanguage":"de","potentialAction":[{"@type":"ReadAction","target":["https:\/\/atvido.com\/de\/datenschutz-und-cookie-richtlinie\/"]}]},{"@type":"BreadcrumbList","@id":"https:\/\/atvido.com\/de\/datenschutz-und-cookie-richtlinie\/#breadcrumb","itemListElement":[{"@type":"ListItem","position":1,"name":"Home","item":"https:\/\/atvido.com\/de\/startseite\/"},{"@type":"ListItem","position":2,"name":"Datenschutz und Cookie-Richtlinie"}]},{"@type":"WebSite","@id":"https:\/\/atvido.com\/de\/#website","url":"https:\/\/atvido.com\/de\/","name":"Atvido","description":"Get an UK address and save up to 80% on international delivery","publisher":{"@id":"https:\/\/atvido.com\/de\/#organization"},"potentialAction":[{"@type":"SearchAction","target":{"@type":"EntryPoint","urlTemplate":"https:\/\/atvido.com\/de\/?s={search_term_string}"},"query-input":{"@type":"PropertyValueSpecification","valueRequired":true,"valueName":"search_term_string"}}],"inLanguage":"de"},{"@type":"Organization","@id":"https:\/\/atvido.com\/de\/#organization","name":"Atvido","url":"https:\/\/atvido.com\/de\/","logo":{"@type":"ImageObject","inLanguage":"de","@id":"https:\/\/atvido.com\/de\/#\/schema\/logo\/image\/","url":"https:\/\/atvido.com\/wp-content\/uploads\/2022\/10\/Untitled-design-2022-09-27T022430.975.png","contentUrl":"https:\/\/atvido.com\/wp-content\/uploads\/2022\/10\/Untitled-design-2022-09-27T022430.975.png","width":1024,"height":1024,"caption":"Atvido"},"image":{"@id":"https:\/\/atvido.com\/de\/#\/schema\/logo\/image\/"},"sameAs":["https:\/\/www.facebook.com\/atvido"]}]}},"acf":[],"_links":{"self":[{"href":"https:\/\/atvido.com\/de\/wp-json\/wp\/v2\/pages\/1062534","targetHints":{"allow":["GET"]}}],"collection":[{"href":"https:\/\/atvido.com\/de\/wp-json\/wp\/v2\/pages"}],"about":[{"href":"https:\/\/atvido.com\/de\/wp-json\/wp\/v2\/types\/page"}],"author":[{"embeddable":true,"href":"https:\/\/atvido.com\/de\/wp-json\/wp\/v2\/users\/1"}],"replies":[{"embeddable":true,"href":"https:\/\/atvido.com\/de\/wp-json\/wp\/v2\/comments?post=1062534"}],"version-history":[{"count":0,"href":"https:\/\/atvido.com\/de\/wp-json\/wp\/v2\/pages\/1062534\/revisions"}],"wp:attachment":[{"href":"https:\/\/atvido.com\/de\/wp-json\/wp\/v2\/media?parent=1062534"}],"curies":[{"name":"wp","href":"https:\/\/api.w.org\/{rel}","templated":true}]}}