{"id":1062529,"date":"2022-03-15T22:27:13","date_gmt":"2022-03-15T20:27:13","guid":{"rendered":"https:\/\/atvido.com\/dienstleistungen\/personlicher-shop-assistent\/"},"modified":"2024-01-25T09:26:00","modified_gmt":"2024-01-25T07:26:00","slug":"personlicher-shop-assistent","status":"publish","type":"page","link":"https:\/\/atvido.com\/de\/dienstleistungen\/personlicher-shop-assistent\/","title":{"rendered":"Pers\u00f6nlicher Shop-Assistent"},"content":{"rendered":"\t\t<div data-elementor-type=\"wp-page\" data-elementor-id=\"1062529\" class=\"elementor elementor-1062529 elementor-649\" data-elementor-post-type=\"page\">\n\t\t\t\t\t\t<section class=\"elementor-section elementor-top-section elementor-element elementor-element-c97600f elementor-section-full_width elementor-section-height-default elementor-section-height-default\" data-id=\"c97600f\" data-element_type=\"section\" data-e-type=\"section\">\n\t\t\t\t\t\t<div class=\"elementor-container elementor-column-gap-default\">\n\t\t\t\t\t<div class=\"elementor-column elementor-col-100 elementor-top-column elementor-element elementor-element-19faf1f\" data-id=\"19faf1f\" data-element_type=\"column\" data-e-type=\"column\">\n\t\t\t<div class=\"elementor-widget-wrap elementor-element-populated\">\n\t\t\t\t\t\t<div class=\"elementor-element elementor-element-714f8ca elementor-widget elementor-widget-atvyko-contact-form\" data-id=\"714f8ca\" data-element_type=\"widget\" data-e-type=\"widget\" data-widget_type=\"atvyko-contact-form.default\">\n\t\t\t\t<div class=\"elementor-widget-container\">\n\t\t\t\t\t\n\t\t<div class=\"atvyko-contact-form  atvyko-contact-form--bg atvyko-contact-form--style_2\">\n\n\t\t\t\n\t\t\t\n\t\t\t\t<div class=\"row row--justify-evenly\">\n\t\t\t\t\t\t\t\t\t\t<div class=\"col col--5\">\n\n\t\t\t\t\t\t\t\t\t\t\t\t\t<div class=\"atvyko-contact-form__heading\">\n\t\t\t\t\t\t\t\t\t\t\t\t\t\t\t<h2>Wir kaufen f\u00fcr Sie!<\/h2>\n\t\t\t\t\t\t\t\t\t\t\t\t\t\t\t\t\t\t\t\t\t\t<p>Entscheiden Sie sich f\u00fcr ein Produkt und \u00fcberlassen Sie dem Team von Atvido alle Sorgen und N\u00f6te!<\/p>\n\t\t\t\t\t\t\t\t\t\t\t\t\t\t<\/div>\n\t\t\t\t\t\t\n\t\t\t\t\t\t\t\t\t\t\t\t\t<div class=\"atvyko-contact-form__content\">\n\t\t\t\t\t\t\t\t<ul class=\"step-list\">\n\t\t\t\t\t\t\t\t\t\t\t\t\t\t\t\t\t\t\t\t\t\t\t\t\t\t\t<li>\n\t\t\t\t\t\t\t\t\t\t\t<h3><i class=\"icon icon-check\"><\/i>Bitte geben Sie den Link zu den Produkten an, f\u00fcr die Sie sich interessieren.<\/h3>\n\t\t\t\t\t\t\t\t\t\t\t\t\t\t\t\t\t\t\t\t\t\t<p>Einfach Produktlink, Menge, Gr\u00f6\u00dfe und Farbe angeben und wir erledigen den Rest!<\/p>\n\t\t\t\t\t\t\t\t\t\t\t\t\t\t\t\t\t\t\t\t\t<\/li>\n\t\t\t\t\t\t\t\t\t\t\t\t\t\t\t\t\t\t\t\t\t\t\t\t\t\t\t\t\t\t\t\t\t\t\t\t<li>\n\t\t\t\t\t\t\t\t\t\t\t<h3><i class=\"icon icon-check\"><\/i>Ein endg\u00fcltiges Angebot \u00fcber den Preis erhalten<\/h3>\n\t\t\t\t\t\t\t\t\t\t\t\t\t\t\t\t\t\t\t\t\t\t<p>Wir unterbreiten Ihnen gerne ein Angebot. Darin sind alle Versand- und Bearbeitungskosten enthalten. Beim Online-Einkauf im Vereinigten K\u00f6nigreich und in Deutschland keine \u00fcberraschenden Geb\u00fchren mehr<\/p>\n\t\t\t\t\t\t\t\t\t\t\t\t\t\t\t\t\t\t\t\t\t<\/li>\n\t\t\t\t\t\t\t\t\t\t\t\t\t\t\t\t\t\t\t\t\t\t\t\t\t\t\t\t\t\t\t\t\t\t\t\t<li>\n\t\t\t\t\t\t\t\t\t\t\t<h3><i class=\"icon icon-check\"><\/i>Hat das Angebot funktioniert? Mega!<\/h3>\n\t\t\t\t\t\t\t\t\t\t\t\t\t\t\t\t\t\t\t\t\t\t<p>Sie bezahlen und wir kaufen die Ware ein. Wir schicken sie Ihnen nach Hause. Die Angebote sind 24 Stunden lang g\u00fcltig.<\/p>\n\t\t\t\t\t\t\t\t\t\t\t\t\t\t\t\t\t\t\t\t\t<\/li>\n\t\t\t\t\t\t\t\t\t\t\t\t\t\t\t\t\t\t\t\t\t\t\t\t\t<\/ul>\n\t\t\t\t\t\t\t<\/div>\n\t\t\t\t\t\t\t\t\t\t\t<\/div>\n\t\t\t\t\t\n\t\t\t\t\t\t\t\t\t\t\t<div class=\"col col--5 col--lg-7\">\n\t\t\t\t\t\t\t\n<div class=\"wpcf7 no-js\" id=\"wpcf7-f1062787-o1\" lang=\"de-DE\" dir=\"ltr\" data-wpcf7-id=\"1062787\">\n<div class=\"screen-reader-response\"><p role=\"status\" aria-live=\"polite\" aria-atomic=\"true\"><\/p> <ul><\/ul><\/div>\n<form action=\"\/de\/wp-json\/wp\/v2\/pages\/1062529#wpcf7-f1062787-o1\" method=\"post\" class=\"wpcf7-form init\" aria-label=\"Kontaktformular\" novalidate=\"novalidate\" data-status=\"init\">\n<fieldset class=\"hidden-fields-container\"><input type=\"hidden\" name=\"_wpcf7\" value=\"1062787\" \/><input type=\"hidden\" name=\"_wpcf7_version\" value=\"6.1.5\" \/><input type=\"hidden\" name=\"_wpcf7_locale\" value=\"de_DE\" \/><input type=\"hidden\" name=\"_wpcf7_unit_tag\" value=\"wpcf7-f1062787-o1\" \/><input type=\"hidden\" name=\"_wpcf7_container_post\" value=\"0\" \/><input type=\"hidden\" name=\"_wpcf7_posted_data_hash\" value=\"\" \/><input type=\"hidden\" name=\"_wpcf7_recaptcha_response\" value=\"\" \/>\n<\/fieldset>\n<div class=\"form-wrap\">\n\t<p><label>E-Mail<span>*<\/span><br \/>\n<span class=\"wpcf7-form-control-wrap\" data-name=\"your-email\"><input size=\"40\" maxlength=\"400\" class=\"wpcf7-form-control wpcf7-email wpcf7-validates-as-required wpcf7-text wpcf7-validates-as-email\" aria-required=\"true\" aria-invalid=\"false\" value=\"\" type=\"email\" name=\"your-email\" \/><\/span><\/label>\n\t<\/p>\n\t<p><label>Telefonnummer<span>*<\/span><br \/>\n<span class=\"wpcf7-form-control-wrap\" data-name=\"tel\"><input size=\"40\" maxlength=\"400\" class=\"wpcf7-form-control wpcf7-tel wpcf7-validates-as-required wpcf7-text wpcf7-validates-as-tel\" aria-required=\"true\" aria-invalid=\"false\" value=\"\" type=\"tel\" name=\"tel\" \/><\/span><\/label>\n\t<\/p>\n\t<p class=\"col-3-4\"><label>Produktlink<span>*<\/span><br \/>\n<span class=\"wpcf7-form-control-wrap\" data-name=\"url\"><input size=\"40\" maxlength=\"400\" class=\"wpcf7-form-control wpcf7-url wpcf7-validates-as-required wpcf7-text wpcf7-validates-as-url\" aria-required=\"true\" aria-invalid=\"false\" value=\"\" type=\"url\" name=\"url\" \/><\/span><\/label>\n\t<\/p>\n\t<p class=\"col-1-4\"><label>Menge<span>*<\/span><br \/>\n<span class=\"wpcf7-form-control-wrap\" data-name=\"qnt\"><input class=\"wpcf7-form-control wpcf7-number wpcf7-validates-as-required wpcf7-validates-as-number\" min=\"1\" max=\"99\" aria-required=\"true\" aria-invalid=\"false\" value=\"1\" type=\"number\" name=\"qnt\" \/><\/span><\/label>\n\t<\/p>\n\t<p><label>Bitte lass ein Kommentar da<span> *<\/span><br \/>\n<span class=\"wpcf7-form-control-wrap\" data-name=\"your-message\"><textarea cols=\"40\" rows=\"10\" maxlength=\"2000\" class=\"wpcf7-form-control wpcf7-textarea wpcf7-validates-as-required\" aria-required=\"true\" aria-invalid=\"false\" placeholder=\"Gr\u00f6\u00dfe, Farbe, Rabattcode\" name=\"your-message\"><\/textarea><\/span><\/label>\n\t<\/p>\n\t<p><input class=\"wpcf7-form-control wpcf7-submit has-spinner\" type=\"submit\" value=\"absenden\" \/>\n\t<\/p>\n<\/div><p style=\"display: none !important;\" class=\"akismet-fields-container\" data-prefix=\"_wpcf7_ak_\"><label>&#916;<textarea name=\"_wpcf7_ak_hp_textarea\" cols=\"45\" rows=\"8\" maxlength=\"100\"><\/textarea><\/label><input type=\"hidden\" id=\"ak_js_1\" name=\"_wpcf7_ak_js\" value=\"138\"\/><script>document.getElementById( \"ak_js_1\" ).setAttribute( \"value\", ( new Date() ).getTime() );<\/script><\/p><div class=\"wpcf7-response-output\" aria-hidden=\"true\"><\/div>\n<\/form>\n<\/div>\n\t\t\t\t\t\t<\/div>\n\t\t\t\t\t\n\t\t\t\t<\/div>\n\n\t\t\t\n\t\t<\/div>\n\n\t\t\t\t\t\t<\/div>\n\t\t\t\t<\/div>\n\t\t\t\t\t<\/div>\n\t\t<\/div>\n\t\t\t\t\t<\/div>\n\t\t<\/section>\n\t\t\t\t<section class=\"elementor-section elementor-top-section elementor-element elementor-element-d392cb6 elementor-section-full_width elementor-section-height-default elementor-section-height-default\" data-id=\"d392cb6\" data-element_type=\"section\" data-e-type=\"section\">\n\t\t\t\t\t\t<div class=\"elementor-container elementor-column-gap-default\">\n\t\t\t\t\t<div class=\"elementor-column elementor-col-100 elementor-top-column elementor-element elementor-element-66c631f\" data-id=\"66c631f\" data-element_type=\"column\" data-e-type=\"column\">\n\t\t\t<div class=\"elementor-widget-wrap elementor-element-populated\">\n\t\t\t\t\t\t<div class=\"elementor-element elementor-element-868deca elementor-widget elementor-widget-atvyko-heading\" data-id=\"868deca\" data-element_type=\"widget\" data-e-type=\"widget\" data-widget_type=\"atvyko-heading.default\">\n\t\t\t\t<div class=\"elementor-widget-container\">\n\t\t\t\t\t\n\t\t<div class=\"atvyko-heading heading heading--center el-after-none\">\n\n\t\t\t<div class=\"row row row--justify-center row--align-center\">\n\t\t\t\t<div class=\"col col--10 col--lg-12\">\n\t\t\t\t\t<h2>Rundum-sorglos-Paket<\/h2>\t\t\t\t\t\t\t\t\t\t<div class=\"heading__excerpt\">\n\t\t\t\t\t\t<p>W\u00e4hlen Sie das Produkt. Wir k\u00fcmmern uns um den Rest.<\/p>\n\t\t\t\t\t<\/div>\n\t\t\t\t\t\n\t\t\t\t\t\t\t\t\t<\/div>\n\t\t\t<\/div>\n\n\t\t\t\n\t\t<\/div>\n\n\t\t\t\t\t\t<\/div>\n\t\t\t\t<\/div>\n\t\t\t\t\t<\/div>\n\t\t<\/div>\n\t\t\t\t\t<\/div>\n\t\t<\/section>\n\t\t\t\t<section class=\"elementor-section elementor-top-section elementor-element elementor-element-a2d67a8 elementor-section-full_width elementor-section-height-default elementor-section-height-default\" data-id=\"a2d67a8\" data-element_type=\"section\" data-e-type=\"section\">\n\t\t\t\t\t\t<div class=\"elementor-container elementor-column-gap-extended\">\n\t\t\t\t\t<div class=\"elementor-column elementor-col-33 elementor-top-column elementor-element elementor-element-c200fa9\" data-id=\"c200fa9\" data-element_type=\"column\" data-e-type=\"column\">\n\t\t\t<div class=\"elementor-widget-wrap elementor-element-populated\">\n\t\t\t\t\t\t<div class=\"elementor-element elementor-element-63d4dea elementor-widget elementor-widget-atvyko-image\" data-id=\"63d4dea\" data-element_type=\"widget\" data-e-type=\"widget\" data-widget_type=\"atvyko-image.default\">\n\t\t\t\t<div class=\"elementor-widget-container\">\n\t\t\t\t\t\n\t\t<figure class=\"atvyko-image atvyko-image--center atvyko-image--icon atvyko-image--heading\">\n\t\t\t<div>\n\t\t\t\t<img decoding=\"async\" width=\"128\" height=\"128\" src=\"https:\/\/atvido.com\/wp-content\/uploads\/2022\/03\/paprastumas.png\" class=\"attachment-large size-large\" alt=\"\" \/><h3>Keine versteckten Geb\u00fchren<\/h3><p>Beim Einkauf in britischen oder deutschen Online-Shops keine unerwarteten Geb\u00fchren und Risiken mehr! Bei den in den Angeboten genannten Preisen handelt es sich um Endpreise, in denen alle Service- und Versandkosten enthalten sind.<\/p>\t\t\t<\/div>\n\t\t\t\t\t<\/figute>\n\n\t\t\t\t\t\t<\/div>\n\t\t\t\t<\/div>\n\t\t\t\t\t<\/div>\n\t\t<\/div>\n\t\t\t\t<div class=\"elementor-column elementor-col-33 elementor-top-column elementor-element elementor-element-eaad231\" data-id=\"eaad231\" data-element_type=\"column\" data-e-type=\"column\">\n\t\t\t<div class=\"elementor-widget-wrap elementor-element-populated\">\n\t\t\t\t\t\t<div class=\"elementor-element elementor-element-ec8bba9 elementor-widget elementor-widget-atvyko-image\" data-id=\"ec8bba9\" data-element_type=\"widget\" data-e-type=\"widget\" data-widget_type=\"atvyko-image.default\">\n\t\t\t\t<div class=\"elementor-widget-container\">\n\t\t\t\t\t\n\t\t<figure class=\"atvyko-image atvyko-image--center atvyko-image--icon atvyko-image--heading\">\n\t\t\t<div>\n\t\t\t\t<img decoding=\"async\" width=\"128\" height=\"128\" src=\"https:\/\/atvido.com\/wp-content\/uploads\/2022\/03\/kaina.png\" class=\"attachment-large size-large\" alt=\"\" \/><h3>Faire Preisgestaltung<\/h3><p>Aus Gro\u00dfbritannien und Deutschland zu versenden war noch nie so g\u00fcnstig! Wir bieten die wahrscheinlich niedrigsten Versandkosten auf dem Markt und sind in der Lage, schnell zu liefern.<\/p>\t\t\t<\/div>\n\t\t\t\t\t<\/figute>\n\n\t\t\t\t\t\t<\/div>\n\t\t\t\t<\/div>\n\t\t\t\t\t<\/div>\n\t\t<\/div>\n\t\t\t\t<div class=\"elementor-column elementor-col-33 elementor-top-column elementor-element elementor-element-9ba25b6\" data-id=\"9ba25b6\" data-element_type=\"column\" data-e-type=\"column\">\n\t\t\t<div class=\"elementor-widget-wrap elementor-element-populated\">\n\t\t\t\t\t\t<div class=\"elementor-element elementor-element-49b5ed3 elementor-widget elementor-widget-atvyko-image\" data-id=\"49b5ed3\" data-element_type=\"widget\" data-e-type=\"widget\" data-widget_type=\"atvyko-image.default\">\n\t\t\t\t<div class=\"elementor-widget-container\">\n\t\t\t\t\t\n\t\t<figure class=\"atvyko-image atvyko-image--center atvyko-image--icon atvyko-image--heading\">\n\t\t\t<div>\n\t\t\t\t<img decoding=\"async\" width=\"128\" height=\"128\" src=\"https:\/\/atvido.com\/wp-content\/uploads\/2022\/03\/poziuris.png\" class=\"attachment-large size-large\" alt=\"\" \/><h3>Richtige Einstellung<\/h3><p>Wir sch\u00e4tzen die Zeit, die uns unsere Kunden zur Verf\u00fcgung stellen, deshalb werden unsere endg\u00fcltigen Angebote so schnell wie m\u00f6glich verschickt. Innerhalb von 24 Stunden erhalten alle Kunden die Angebote.<\/p>\t\t\t<\/div>\n\t\t\t\t\t<\/figute>\n\n\t\t\t\t\t\t<\/div>\n\t\t\t\t<\/div>\n\t\t\t\t\t<\/div>\n\t\t<\/div>\n\t\t\t\t\t<\/div>\n\t\t<\/section>\n\t\t\t\t<\/div>\n\t\t","protected":false},"excerpt":{"rendered":"<p>W\u00e4hlen Sie das Produkt. Wir k\u00fcmmern uns um den Rest.<\/p>\n","protected":false},"author":1,"featured_media":1062530,"parent":1062524,"menu_order":0,"comment_status":"closed","ping_status":"closed","template":"","meta":{"inline_featured_image":false,"footnotes":""},"class_list":["post-1062529","page","type-page","status-publish","has-post-thumbnail","hentry"],"yoast_head":"<!-- This site is optimized with the Yoast SEO plugin v27.4 - https:\/\/yoast.com\/product\/yoast-seo-wordpress\/ -->\n<title>Pers\u00f6nlicher Shop-Assistent - Atvido<\/title>\n<meta name=\"robots\" content=\"index, follow, max-snippet:-1, max-image-preview:large, max-video-preview:-1\" \/>\n<link rel=\"canonical\" href=\"https:\/\/atvido.com\/de\/dienstleistungen\/personlicher-shop-assistent\/\" \/>\n<meta property=\"og:locale\" content=\"de_DE\" \/>\n<meta property=\"og:type\" content=\"article\" \/>\n<meta property=\"og:title\" content=\"Pers\u00f6nlicher Shop-Assistent - Atvido\" \/>\n<meta property=\"og:description\" content=\"W\u00e4hlen Sie das Produkt. Wir k\u00fcmmern uns um den Rest.\" \/>\n<meta property=\"og:url\" content=\"https:\/\/atvido.com\/de\/dienstleistungen\/personlicher-shop-assistent\/\" \/>\n<meta property=\"og:site_name\" content=\"Atvido\" \/>\n<meta property=\"article:publisher\" content=\"https:\/\/www.facebook.com\/atvido\" \/>\n<meta property=\"article:modified_time\" content=\"2024-01-25T07:26:00+00:00\" \/>\n<meta property=\"og:image\" content=\"https:\/\/atvido.com\/wp-content\/uploads\/2022\/03\/tarpininkavimas.png\" \/>\n\t<meta property=\"og:image:width\" content=\"640\" \/>\n\t<meta property=\"og:image:height\" content=\"426\" \/>\n\t<meta property=\"og:image:type\" content=\"image\/png\" \/>\n<meta name=\"twitter:card\" content=\"summary_large_image\" \/>\n<script type=\"application\/ld+json\" class=\"yoast-schema-graph\">{\"@context\":\"https:\\\/\\\/schema.org\",\"@graph\":[{\"@type\":\"WebPage\",\"@id\":\"https:\\\/\\\/atvido.com\\\/de\\\/dienstleistungen\\\/personlicher-shop-assistent\\\/\",\"url\":\"https:\\\/\\\/atvido.com\\\/de\\\/dienstleistungen\\\/personlicher-shop-assistent\\\/\",\"name\":\"Pers\u00f6nlicher Shop-Assistent - Atvido\",\"isPartOf\":{\"@id\":\"https:\\\/\\\/atvido.com\\\/de\\\/#website\"},\"primaryImageOfPage\":{\"@id\":\"https:\\\/\\\/atvido.com\\\/de\\\/dienstleistungen\\\/personlicher-shop-assistent\\\/#primaryimage\"},\"image\":{\"@id\":\"https:\\\/\\\/atvido.com\\\/de\\\/dienstleistungen\\\/personlicher-shop-assistent\\\/#primaryimage\"},\"thumbnailUrl\":\"https:\\\/\\\/atvido.com\\\/wp-content\\\/uploads\\\/2022\\\/03\\\/tarpininkavimas.png\",\"datePublished\":\"2022-03-15T20:27:13+00:00\",\"dateModified\":\"2024-01-25T07:26:00+00:00\",\"breadcrumb\":{\"@id\":\"https:\\\/\\\/atvido.com\\\/de\\\/dienstleistungen\\\/personlicher-shop-assistent\\\/#breadcrumb\"},\"inLanguage\":\"de\",\"potentialAction\":[{\"@type\":\"ReadAction\",\"target\":[\"https:\\\/\\\/atvido.com\\\/de\\\/dienstleistungen\\\/personlicher-shop-assistent\\\/\"]}]},{\"@type\":\"ImageObject\",\"inLanguage\":\"de\",\"@id\":\"https:\\\/\\\/atvido.com\\\/de\\\/dienstleistungen\\\/personlicher-shop-assistent\\\/#primaryimage\",\"url\":\"https:\\\/\\\/atvido.com\\\/wp-content\\\/uploads\\\/2022\\\/03\\\/tarpininkavimas.png\",\"contentUrl\":\"https:\\\/\\\/atvido.com\\\/wp-content\\\/uploads\\\/2022\\\/03\\\/tarpininkavimas.png\",\"width\":640,\"height\":426},{\"@type\":\"BreadcrumbList\",\"@id\":\"https:\\\/\\\/atvido.com\\\/de\\\/dienstleistungen\\\/personlicher-shop-assistent\\\/#breadcrumb\",\"itemListElement\":[{\"@type\":\"ListItem\",\"position\":1,\"name\":\"Home\",\"item\":\"https:\\\/\\\/atvido.com\\\/de\\\/startseite\\\/\"},{\"@type\":\"ListItem\",\"position\":2,\"name\":\"Dienstleistungen\",\"item\":\"https:\\\/\\\/atvido.com\\\/de\\\/dienstleistungen\\\/\"},{\"@type\":\"ListItem\",\"position\":3,\"name\":\"Pers\u00f6nlicher Shop-Assistent\"}]},{\"@type\":\"WebSite\",\"@id\":\"https:\\\/\\\/atvido.com\\\/de\\\/#website\",\"url\":\"https:\\\/\\\/atvido.com\\\/de\\\/\",\"name\":\"Atvido\",\"description\":\"Get an UK address and save up to 80% on international delivery\",\"publisher\":{\"@id\":\"https:\\\/\\\/atvido.com\\\/de\\\/#organization\"},\"potentialAction\":[{\"@type\":\"SearchAction\",\"target\":{\"@type\":\"EntryPoint\",\"urlTemplate\":\"https:\\\/\\\/atvido.com\\\/de\\\/?s={search_term_string}\"},\"query-input\":{\"@type\":\"PropertyValueSpecification\",\"valueRequired\":true,\"valueName\":\"search_term_string\"}}],\"inLanguage\":\"de\"},{\"@type\":\"Organization\",\"@id\":\"https:\\\/\\\/atvido.com\\\/de\\\/#organization\",\"name\":\"Atvido\",\"url\":\"https:\\\/\\\/atvido.com\\\/de\\\/\",\"logo\":{\"@type\":\"ImageObject\",\"inLanguage\":\"de\",\"@id\":\"https:\\\/\\\/atvido.com\\\/de\\\/#\\\/schema\\\/logo\\\/image\\\/\",\"url\":\"https:\\\/\\\/atvido.com\\\/wp-content\\\/uploads\\\/2022\\\/10\\\/Untitled-design-2022-09-27T022430.975.png\",\"contentUrl\":\"https:\\\/\\\/atvido.com\\\/wp-content\\\/uploads\\\/2022\\\/10\\\/Untitled-design-2022-09-27T022430.975.png\",\"width\":1024,\"height\":1024,\"caption\":\"Atvido\"},\"image\":{\"@id\":\"https:\\\/\\\/atvido.com\\\/de\\\/#\\\/schema\\\/logo\\\/image\\\/\"},\"sameAs\":[\"https:\\\/\\\/www.facebook.com\\\/atvido\"]}]}<\/script>\n<!-- \/ Yoast SEO plugin. -->","yoast_head_json":{"title":"Pers\u00f6nlicher Shop-Assistent - Atvido","robots":{"index":"index","follow":"follow","max-snippet":"max-snippet:-1","max-image-preview":"max-image-preview:large","max-video-preview":"max-video-preview:-1"},"canonical":"https:\/\/atvido.com\/de\/dienstleistungen\/personlicher-shop-assistent\/","og_locale":"de_DE","og_type":"article","og_title":"Pers\u00f6nlicher Shop-Assistent - Atvido","og_description":"W\u00e4hlen Sie das Produkt. Wir k\u00fcmmern uns um den Rest.","og_url":"https:\/\/atvido.com\/de\/dienstleistungen\/personlicher-shop-assistent\/","og_site_name":"Atvido","article_publisher":"https:\/\/www.facebook.com\/atvido","article_modified_time":"2024-01-25T07:26:00+00:00","og_image":[{"width":640,"height":426,"url":"https:\/\/atvido.com\/wp-content\/uploads\/2022\/03\/tarpininkavimas.png","type":"image\/png"}],"twitter_card":"summary_large_image","schema":{"@context":"https:\/\/schema.org","@graph":[{"@type":"WebPage","@id":"https:\/\/atvido.com\/de\/dienstleistungen\/personlicher-shop-assistent\/","url":"https:\/\/atvido.com\/de\/dienstleistungen\/personlicher-shop-assistent\/","name":"Pers\u00f6nlicher Shop-Assistent - Atvido","isPartOf":{"@id":"https:\/\/atvido.com\/de\/#website"},"primaryImageOfPage":{"@id":"https:\/\/atvido.com\/de\/dienstleistungen\/personlicher-shop-assistent\/#primaryimage"},"image":{"@id":"https:\/\/atvido.com\/de\/dienstleistungen\/personlicher-shop-assistent\/#primaryimage"},"thumbnailUrl":"https:\/\/atvido.com\/wp-content\/uploads\/2022\/03\/tarpininkavimas.png","datePublished":"2022-03-15T20:27:13+00:00","dateModified":"2024-01-25T07:26:00+00:00","breadcrumb":{"@id":"https:\/\/atvido.com\/de\/dienstleistungen\/personlicher-shop-assistent\/#breadcrumb"},"inLanguage":"de","potentialAction":[{"@type":"ReadAction","target":["https:\/\/atvido.com\/de\/dienstleistungen\/personlicher-shop-assistent\/"]}]},{"@type":"ImageObject","inLanguage":"de","@id":"https:\/\/atvido.com\/de\/dienstleistungen\/personlicher-shop-assistent\/#primaryimage","url":"https:\/\/atvido.com\/wp-content\/uploads\/2022\/03\/tarpininkavimas.png","contentUrl":"https:\/\/atvido.com\/wp-content\/uploads\/2022\/03\/tarpininkavimas.png","width":640,"height":426},{"@type":"BreadcrumbList","@id":"https:\/\/atvido.com\/de\/dienstleistungen\/personlicher-shop-assistent\/#breadcrumb","itemListElement":[{"@type":"ListItem","position":1,"name":"Home","item":"https:\/\/atvido.com\/de\/startseite\/"},{"@type":"ListItem","position":2,"name":"Dienstleistungen","item":"https:\/\/atvido.com\/de\/dienstleistungen\/"},{"@type":"ListItem","position":3,"name":"Pers\u00f6nlicher Shop-Assistent"}]},{"@type":"WebSite","@id":"https:\/\/atvido.com\/de\/#website","url":"https:\/\/atvido.com\/de\/","name":"Atvido","description":"Get an UK address and save up to 80% on international delivery","publisher":{"@id":"https:\/\/atvido.com\/de\/#organization"},"potentialAction":[{"@type":"SearchAction","target":{"@type":"EntryPoint","urlTemplate":"https:\/\/atvido.com\/de\/?s={search_term_string}"},"query-input":{"@type":"PropertyValueSpecification","valueRequired":true,"valueName":"search_term_string"}}],"inLanguage":"de"},{"@type":"Organization","@id":"https:\/\/atvido.com\/de\/#organization","name":"Atvido","url":"https:\/\/atvido.com\/de\/","logo":{"@type":"ImageObject","inLanguage":"de","@id":"https:\/\/atvido.com\/de\/#\/schema\/logo\/image\/","url":"https:\/\/atvido.com\/wp-content\/uploads\/2022\/10\/Untitled-design-2022-09-27T022430.975.png","contentUrl":"https:\/\/atvido.com\/wp-content\/uploads\/2022\/10\/Untitled-design-2022-09-27T022430.975.png","width":1024,"height":1024,"caption":"Atvido"},"image":{"@id":"https:\/\/atvido.com\/de\/#\/schema\/logo\/image\/"},"sameAs":["https:\/\/www.facebook.com\/atvido"]}]}},"acf":[],"_links":{"self":[{"href":"https:\/\/atvido.com\/de\/wp-json\/wp\/v2\/pages\/1062529","targetHints":{"allow":["GET"]}}],"collection":[{"href":"https:\/\/atvido.com\/de\/wp-json\/wp\/v2\/pages"}],"about":[{"href":"https:\/\/atvido.com\/de\/wp-json\/wp\/v2\/types\/page"}],"author":[{"embeddable":true,"href":"https:\/\/atvido.com\/de\/wp-json\/wp\/v2\/users\/1"}],"replies":[{"embeddable":true,"href":"https:\/\/atvido.com\/de\/wp-json\/wp\/v2\/comments?post=1062529"}],"version-history":[{"count":6,"href":"https:\/\/atvido.com\/de\/wp-json\/wp\/v2\/pages\/1062529\/revisions"}],"predecessor-version":[{"id":1062756,"href":"https:\/\/atvido.com\/de\/wp-json\/wp\/v2\/pages\/1062529\/revisions\/1062756"}],"up":[{"embeddable":true,"href":"https:\/\/atvido.com\/de\/wp-json\/wp\/v2\/pages\/1062524"}],"wp:featuredmedia":[{"embeddable":true,"href":"https:\/\/atvido.com\/de\/wp-json\/wp\/v2\/media\/1062530"}],"wp:attachment":[{"href":"https:\/\/atvido.com\/de\/wp-json\/wp\/v2\/media?parent=1062529"}],"curies":[{"name":"wp","href":"https:\/\/api.w.org\/{rel}","templated":true}]}}