{"id":1062527,"date":"2022-03-06T18:14:39","date_gmt":"2022-03-06T16:14:39","guid":{"rendered":"https:\/\/atvido.com\/unsere-kontaktinformationen\/"},"modified":"2024-01-25T14:36:28","modified_gmt":"2024-01-25T12:36:28","slug":"unsere-kontaktinformationen","status":"publish","type":"page","link":"https:\/\/atvido.com\/de\/unsere-kontaktinformationen\/","title":{"rendered":"Unsere Kontaktinformationen"},"content":{"rendered":"\t\t<div data-elementor-type=\"wp-page\" data-elementor-id=\"1062527\" class=\"elementor elementor-1062527 elementor-34\" data-elementor-post-type=\"page\">\n\t\t\t\t\t\t<section class=\"elementor-section elementor-top-section elementor-element elementor-element-5d3e874 elementor-section-full_width elementor-section-height-default elementor-section-height-default\" data-id=\"5d3e874\" data-element_type=\"section\" data-e-type=\"section\">\n\t\t\t\t\t\t<div class=\"elementor-container elementor-column-gap-default\">\n\t\t\t\t\t<div class=\"elementor-column elementor-col-100 elementor-top-column elementor-element elementor-element-ffd5bb7\" data-id=\"ffd5bb7\" data-element_type=\"column\" data-e-type=\"column\">\n\t\t\t<div class=\"elementor-widget-wrap elementor-element-populated\">\n\t\t\t\t\t\t<div class=\"elementor-element elementor-element-b7d11c2 elementor-widget elementor-widget-atvyko-contact-form\" data-id=\"b7d11c2\" data-element_type=\"widget\" data-e-type=\"widget\" data-widget_type=\"atvyko-contact-form.default\">\n\t\t\t\t<div class=\"elementor-widget-container\">\n\t\t\t\t\t\n\t\t<div class=\"atvyko-contact-form  atvyko-contact-form--style_1\">\n\n\t\t\t\t\t\t<div class=\"atvyko-contact-form__heading\">\n\t\t\t\t<div class=\"row row row--justify-center row--align-center\">\n\t\t\t\t\t<div class=\"col col--10 col--lg-12\">\n\t\t\t\t\t\t\t\t\t\t\t<h2>Hinterlassen Sie uns eine Nachricht<\/h2>\n\t\t\t\t\t\t\t\t\t\t\t\t\t\t\t\t<p>Bitte f\u00fcllen Sie das unten stehende Formular aus und wir werden uns so schnell wie m\u00f6glich mit Ihnen in Verbindung setzen.<\/p>\n\t\t\t\t\t\t\t\t\t\t<\/div>\n\t\t\t\t<\/div>\n\t\t\t<\/div>\n\t\t\t\n\t\t\t\n\t\t\t\t<div class=\"atvyko-contact-form__content\">\n\t\t\t\t\t<div class=\"row row--justify-center\">\n\t\t\t\t\t\t\t\t\t\t\t\t<div class=\"col col--5\">\n\t\t\t\t\t\t\t<p class=\"wpcf7-contact-form-not-found\"><strong>Fehler:<\/strong> Kontaktformular wurde nicht gefunden.<\/p>\t\t\t\t\t\t<\/div>\n\t\t\t\t\t\t\n\t\t\t\t\t\t\t\t\t\t\t\t<div class=\"col col--7\">\n\t\t\t\t\t\t\t<iframe src=\"https:\/\/www.google.com\/maps\/embed?pb=!1m18!1m12!1m3!1d592.930648740886!2d-2.41836346700651!3d53.52701099973532!2m3!1f0!2f0!3f0!3m2!1i1024!2i768!4f13.1!3m3!1m2!1s0x47d834f77a58ffff%3A0xe0d0a45aaddfd177!2sAtvido!5e0!3m2!1sen!2slt!4v1695896024839!5m2!1sen!2slt\" width=\"600\" height=\"450\" style=\"border:0;\" allowfullscreen=\"\" loading=\"lazy\" referrerpolicy=\"no-referrer-when-downgrade\"><\/iframe>\t\t\t\t\t\t<\/div>\n\t\t\t\t\t\t\t\t\t\t\t<\/div>\n\t\t\t\t<\/div>\n\n\t\t\t\n\t\t<\/div>\n\n\t\t\t\t\t\t<\/div>\n\t\t\t\t<\/div>\n\t\t\t\t\t<\/div>\n\t\t<\/div>\n\t\t\t\t\t<\/div>\n\t\t<\/section>\n\t\t\t\t<\/div>\n\t\t","protected":false},"excerpt":{"rendered":"<p>Bitte kontaktieren Sie uns und lassen Sie uns wissen, wie wir Ihnen helfen k\u00f6nnen, wenn Sie Unterst\u00fctzung ben\u00f6tigen.<\/p>\n","protected":false},"author":1,"featured_media":1062528,"parent":0,"menu_order":0,"comment_status":"closed","ping_status":"closed","template":"page-contacts.php","meta":{"inline_featured_image":false,"footnotes":""},"class_list":["post-1062527","page","type-page","status-publish","has-post-thumbnail","hentry"],"yoast_head":"<!-- This site is optimized with the Yoast SEO plugin v27.3 - https:\/\/yoast.com\/product\/yoast-seo-wordpress\/ -->\n<title>Unsere Kontaktinformationen - Atvido<\/title>\n<meta name=\"robots\" content=\"index, follow, max-snippet:-1, max-image-preview:large, max-video-preview:-1\" \/>\n<link rel=\"canonical\" href=\"https:\/\/atvido.com\/de\/unsere-kontaktinformationen\/\" \/>\n<meta property=\"og:locale\" content=\"de_DE\" \/>\n<meta property=\"og:type\" content=\"article\" \/>\n<meta property=\"og:title\" content=\"Unsere Kontaktinformationen - Atvido\" \/>\n<meta property=\"og:description\" content=\"Bitte kontaktieren Sie uns und lassen Sie uns wissen, wie wir Ihnen helfen k\u00f6nnen, wenn Sie Unterst\u00fctzung ben\u00f6tigen.\" \/>\n<meta property=\"og:url\" content=\"https:\/\/atvido.com\/de\/unsere-kontaktinformationen\/\" \/>\n<meta property=\"og:site_name\" content=\"Atvido\" \/>\n<meta property=\"article:publisher\" content=\"https:\/\/www.facebook.com\/atvido\" \/>\n<meta property=\"article:modified_time\" content=\"2024-01-25T12:36:28+00:00\" \/>\n<meta property=\"og:image\" content=\"https:\/\/atvido.com\/wp-content\/uploads\/2022\/03\/musu-kontaktai.png\" \/>\n\t<meta property=\"og:image:width\" content=\"448\" \/>\n\t<meta property=\"og:image:height\" content=\"500\" \/>\n\t<meta property=\"og:image:type\" content=\"image\/png\" \/>\n<meta name=\"twitter:card\" content=\"summary_large_image\" \/>\n<script type=\"application\/ld+json\" class=\"yoast-schema-graph\">{\"@context\":\"https:\\\/\\\/schema.org\",\"@graph\":[{\"@type\":\"WebPage\",\"@id\":\"https:\\\/\\\/atvido.com\\\/de\\\/unsere-kontaktinformationen\\\/\",\"url\":\"https:\\\/\\\/atvido.com\\\/de\\\/unsere-kontaktinformationen\\\/\",\"name\":\"Unsere Kontaktinformationen - Atvido\",\"isPartOf\":{\"@id\":\"https:\\\/\\\/atvido.com\\\/de\\\/#website\"},\"primaryImageOfPage\":{\"@id\":\"https:\\\/\\\/atvido.com\\\/de\\\/unsere-kontaktinformationen\\\/#primaryimage\"},\"image\":{\"@id\":\"https:\\\/\\\/atvido.com\\\/de\\\/unsere-kontaktinformationen\\\/#primaryimage\"},\"thumbnailUrl\":\"https:\\\/\\\/atvido.com\\\/wp-content\\\/uploads\\\/2022\\\/03\\\/musu-kontaktai.png\",\"datePublished\":\"2022-03-06T16:14:39+00:00\",\"dateModified\":\"2024-01-25T12:36:28+00:00\",\"breadcrumb\":{\"@id\":\"https:\\\/\\\/atvido.com\\\/de\\\/unsere-kontaktinformationen\\\/#breadcrumb\"},\"inLanguage\":\"de\",\"potentialAction\":[{\"@type\":\"ReadAction\",\"target\":[\"https:\\\/\\\/atvido.com\\\/de\\\/unsere-kontaktinformationen\\\/\"]}]},{\"@type\":\"ImageObject\",\"inLanguage\":\"de\",\"@id\":\"https:\\\/\\\/atvido.com\\\/de\\\/unsere-kontaktinformationen\\\/#primaryimage\",\"url\":\"https:\\\/\\\/atvido.com\\\/wp-content\\\/uploads\\\/2022\\\/03\\\/musu-kontaktai.png\",\"contentUrl\":\"https:\\\/\\\/atvido.com\\\/wp-content\\\/uploads\\\/2022\\\/03\\\/musu-kontaktai.png\",\"width\":448,\"height\":500},{\"@type\":\"BreadcrumbList\",\"@id\":\"https:\\\/\\\/atvido.com\\\/de\\\/unsere-kontaktinformationen\\\/#breadcrumb\",\"itemListElement\":[{\"@type\":\"ListItem\",\"position\":1,\"name\":\"Home\",\"item\":\"https:\\\/\\\/atvido.com\\\/de\\\/startseite\\\/\"},{\"@type\":\"ListItem\",\"position\":2,\"name\":\"Unsere Kontaktinformationen\"}]},{\"@type\":\"WebSite\",\"@id\":\"https:\\\/\\\/atvido.com\\\/de\\\/#website\",\"url\":\"https:\\\/\\\/atvido.com\\\/de\\\/\",\"name\":\"Atvido\",\"description\":\"Get an UK address and save up to 80% on international delivery\",\"publisher\":{\"@id\":\"https:\\\/\\\/atvido.com\\\/de\\\/#organization\"},\"potentialAction\":[{\"@type\":\"SearchAction\",\"target\":{\"@type\":\"EntryPoint\",\"urlTemplate\":\"https:\\\/\\\/atvido.com\\\/de\\\/?s={search_term_string}\"},\"query-input\":{\"@type\":\"PropertyValueSpecification\",\"valueRequired\":true,\"valueName\":\"search_term_string\"}}],\"inLanguage\":\"de\"},{\"@type\":\"Organization\",\"@id\":\"https:\\\/\\\/atvido.com\\\/de\\\/#organization\",\"name\":\"Atvido\",\"url\":\"https:\\\/\\\/atvido.com\\\/de\\\/\",\"logo\":{\"@type\":\"ImageObject\",\"inLanguage\":\"de\",\"@id\":\"https:\\\/\\\/atvido.com\\\/de\\\/#\\\/schema\\\/logo\\\/image\\\/\",\"url\":\"https:\\\/\\\/atvido.com\\\/wp-content\\\/uploads\\\/2022\\\/10\\\/Untitled-design-2022-09-27T022430.975.png\",\"contentUrl\":\"https:\\\/\\\/atvido.com\\\/wp-content\\\/uploads\\\/2022\\\/10\\\/Untitled-design-2022-09-27T022430.975.png\",\"width\":1024,\"height\":1024,\"caption\":\"Atvido\"},\"image\":{\"@id\":\"https:\\\/\\\/atvido.com\\\/de\\\/#\\\/schema\\\/logo\\\/image\\\/\"},\"sameAs\":[\"https:\\\/\\\/www.facebook.com\\\/atvido\"]}]}<\/script>\n<!-- \/ Yoast SEO plugin. -->","yoast_head_json":{"title":"Unsere Kontaktinformationen - Atvido","robots":{"index":"index","follow":"follow","max-snippet":"max-snippet:-1","max-image-preview":"max-image-preview:large","max-video-preview":"max-video-preview:-1"},"canonical":"https:\/\/atvido.com\/de\/unsere-kontaktinformationen\/","og_locale":"de_DE","og_type":"article","og_title":"Unsere Kontaktinformationen - Atvido","og_description":"Bitte kontaktieren Sie uns und lassen Sie uns wissen, wie wir Ihnen helfen k\u00f6nnen, wenn Sie Unterst\u00fctzung ben\u00f6tigen.","og_url":"https:\/\/atvido.com\/de\/unsere-kontaktinformationen\/","og_site_name":"Atvido","article_publisher":"https:\/\/www.facebook.com\/atvido","article_modified_time":"2024-01-25T12:36:28+00:00","og_image":[{"width":448,"height":500,"url":"https:\/\/atvido.com\/wp-content\/uploads\/2022\/03\/musu-kontaktai.png","type":"image\/png"}],"twitter_card":"summary_large_image","schema":{"@context":"https:\/\/schema.org","@graph":[{"@type":"WebPage","@id":"https:\/\/atvido.com\/de\/unsere-kontaktinformationen\/","url":"https:\/\/atvido.com\/de\/unsere-kontaktinformationen\/","name":"Unsere Kontaktinformationen - Atvido","isPartOf":{"@id":"https:\/\/atvido.com\/de\/#website"},"primaryImageOfPage":{"@id":"https:\/\/atvido.com\/de\/unsere-kontaktinformationen\/#primaryimage"},"image":{"@id":"https:\/\/atvido.com\/de\/unsere-kontaktinformationen\/#primaryimage"},"thumbnailUrl":"https:\/\/atvido.com\/wp-content\/uploads\/2022\/03\/musu-kontaktai.png","datePublished":"2022-03-06T16:14:39+00:00","dateModified":"2024-01-25T12:36:28+00:00","breadcrumb":{"@id":"https:\/\/atvido.com\/de\/unsere-kontaktinformationen\/#breadcrumb"},"inLanguage":"de","potentialAction":[{"@type":"ReadAction","target":["https:\/\/atvido.com\/de\/unsere-kontaktinformationen\/"]}]},{"@type":"ImageObject","inLanguage":"de","@id":"https:\/\/atvido.com\/de\/unsere-kontaktinformationen\/#primaryimage","url":"https:\/\/atvido.com\/wp-content\/uploads\/2022\/03\/musu-kontaktai.png","contentUrl":"https:\/\/atvido.com\/wp-content\/uploads\/2022\/03\/musu-kontaktai.png","width":448,"height":500},{"@type":"BreadcrumbList","@id":"https:\/\/atvido.com\/de\/unsere-kontaktinformationen\/#breadcrumb","itemListElement":[{"@type":"ListItem","position":1,"name":"Home","item":"https:\/\/atvido.com\/de\/startseite\/"},{"@type":"ListItem","position":2,"name":"Unsere Kontaktinformationen"}]},{"@type":"WebSite","@id":"https:\/\/atvido.com\/de\/#website","url":"https:\/\/atvido.com\/de\/","name":"Atvido","description":"Get an UK address and save up to 80% on international delivery","publisher":{"@id":"https:\/\/atvido.com\/de\/#organization"},"potentialAction":[{"@type":"SearchAction","target":{"@type":"EntryPoint","urlTemplate":"https:\/\/atvido.com\/de\/?s={search_term_string}"},"query-input":{"@type":"PropertyValueSpecification","valueRequired":true,"valueName":"search_term_string"}}],"inLanguage":"de"},{"@type":"Organization","@id":"https:\/\/atvido.com\/de\/#organization","name":"Atvido","url":"https:\/\/atvido.com\/de\/","logo":{"@type":"ImageObject","inLanguage":"de","@id":"https:\/\/atvido.com\/de\/#\/schema\/logo\/image\/","url":"https:\/\/atvido.com\/wp-content\/uploads\/2022\/10\/Untitled-design-2022-09-27T022430.975.png","contentUrl":"https:\/\/atvido.com\/wp-content\/uploads\/2022\/10\/Untitled-design-2022-09-27T022430.975.png","width":1024,"height":1024,"caption":"Atvido"},"image":{"@id":"https:\/\/atvido.com\/de\/#\/schema\/logo\/image\/"},"sameAs":["https:\/\/www.facebook.com\/atvido"]}]}},"acf":[],"_links":{"self":[{"href":"https:\/\/atvido.com\/de\/wp-json\/wp\/v2\/pages\/1062527","targetHints":{"allow":["GET"]}}],"collection":[{"href":"https:\/\/atvido.com\/de\/wp-json\/wp\/v2\/pages"}],"about":[{"href":"https:\/\/atvido.com\/de\/wp-json\/wp\/v2\/types\/page"}],"author":[{"embeddable":true,"href":"https:\/\/atvido.com\/de\/wp-json\/wp\/v2\/users\/1"}],"replies":[{"embeddable":true,"href":"https:\/\/atvido.com\/de\/wp-json\/wp\/v2\/comments?post=1062527"}],"version-history":[{"count":9,"href":"https:\/\/atvido.com\/de\/wp-json\/wp\/v2\/pages\/1062527\/revisions"}],"predecessor-version":[{"id":1062808,"href":"https:\/\/atvido.com\/de\/wp-json\/wp\/v2\/pages\/1062527\/revisions\/1062808"}],"wp:featuredmedia":[{"embeddable":true,"href":"https:\/\/atvido.com\/de\/wp-json\/wp\/v2\/media\/1062528"}],"wp:attachment":[{"href":"https:\/\/atvido.com\/de\/wp-json\/wp\/v2\/media?parent=1062527"}],"curies":[{"name":"wp","href":"https:\/\/api.w.org\/{rel}","templated":true}]}}