{"id":1062525,"date":"2022-03-16T15:58:44","date_gmt":"2022-03-16T13:58:44","guid":{"rendered":"https:\/\/atvido.com\/fur-unternehmen\/"},"modified":"2024-01-25T13:24:22","modified_gmt":"2024-01-25T11:24:22","slug":"fur-unternehmen","status":"publish","type":"page","link":"https:\/\/atvido.com\/de\/fur-unternehmen\/","title":{"rendered":"F\u00fcr Unternehmen"},"content":{"rendered":"\t\t<div data-elementor-type=\"wp-page\" data-elementor-id=\"1062525\" class=\"elementor elementor-1062525 elementor-760\" data-elementor-post-type=\"page\">\n\t\t\t\t\t\t<section class=\"elementor-section elementor-top-section elementor-element elementor-element-15bc9f7 elementor-section-full_width elementor-section-height-default elementor-section-height-default\" data-id=\"15bc9f7\" data-element_type=\"section\" data-e-type=\"section\">\n\t\t\t\t\t\t<div class=\"elementor-container elementor-column-gap-no\">\n\t\t\t\t\t<div class=\"elementor-column elementor-col-100 elementor-top-column elementor-element elementor-element-bd5173e\" data-id=\"bd5173e\" data-element_type=\"column\" data-e-type=\"column\">\n\t\t\t<div class=\"elementor-widget-wrap elementor-element-populated\">\n\t\t\t\t\t\t<div class=\"elementor-element elementor-element-198e107 elementor-widget elementor-widget-atvyko-heading\" data-id=\"198e107\" data-element_type=\"widget\" data-e-type=\"widget\" data-widget_type=\"atvyko-heading.default\">\n\t\t\t\t<div class=\"elementor-widget-container\">\n\t\t\t\t\t\n\t\t<div class=\"atvyko-heading heading heading--center heading--bg el-after-none\">\n\n\t\t\t<div class=\"row row row--justify-center row--align-center\">\n\t\t\t\t<div class=\"col col--10 col--lg-12\">\n\t\t\t\t\t<h1>Sind Sie auf dem britischen Markt vertreten? <br>Provide buyers with a UK or Germany returns address<\/h1>\t\t\t\t\t\t\t\t\t\t<div class=\"heading__excerpt\">\n\t\t\t\t\t\t<p>Sie steigern Ihren Umsatz. Wir \u00fcbernehmen die sichere R\u00fcckf\u00fchrung in Deutschland und Gro\u00dfbritannien.<\/p>\n\t\t\t\t\t<\/div>\n\t\t\t\t\t\n\t\t\t\t\t\t\t\t\t<\/div>\n\t\t\t<\/div>\n\n\t\t\t\t\t\t<div class=\"row row--justify-center\">\n\t\t\t\t<div class=\"col col--7 col--lg-8 col--md-9 col--sm-12\">\n\t\t\t\t\t<div class=\"heading__image\">\n\t\t\t\t\t\t\n\t\t\t\t\t\t<img fetchpriority=\"high\" decoding=\"async\" width=\"640\" height=\"380\" src=\"https:\/\/atvido.com\/wp-content\/uploads\/2022\/03\/verslui.png\" class=\"attachment-large size-large\" alt=\"\" srcset=\"https:\/\/atvido.com\/wp-content\/uploads\/2022\/03\/verslui.png 640w, https:\/\/atvido.com\/wp-content\/uploads\/2022\/03\/verslui-300x178.png 300w\" sizes=\"(max-width: 640px) 100vw, 640px\" \/>\t\t\t\t\t<\/div>\n\t\t\t\t<\/div>\n\t\t\t<\/div>\n\t\t\t\n\t\t<\/div>\n\n\t\t\t\t\t\t<\/div>\n\t\t\t\t<\/div>\n\t\t\t\t\t<\/div>\n\t\t<\/div>\n\t\t\t\t\t<\/div>\n\t\t<\/section>\n\t\t\t\t<section class=\"elementor-section elementor-top-section elementor-element elementor-element-39efa33 elementor-section-full_width elementor-section-height-default elementor-section-height-default\" data-id=\"39efa33\" data-element_type=\"section\" data-e-type=\"section\">\n\t\t\t\t\t\t<div class=\"elementor-container elementor-column-gap-extended\">\n\t\t\t\t\t<div class=\"elementor-column elementor-col-33 elementor-top-column elementor-element elementor-element-8f1dc6a\" data-id=\"8f1dc6a\" data-element_type=\"column\" data-e-type=\"column\">\n\t\t\t<div class=\"elementor-widget-wrap elementor-element-populated\">\n\t\t\t\t\t\t<div class=\"elementor-element elementor-element-e065082 elementor-widget elementor-widget-atvyko-image\" data-id=\"e065082\" data-element_type=\"widget\" data-e-type=\"widget\" data-widget_type=\"atvyko-image.default\">\n\t\t\t\t<div class=\"elementor-widget-container\">\n\t\t\t\t\t\n\t\t<figure class=\"atvyko-image atvyko-image--center atvyko-image--icon atvyko-image--heading\">\n\t\t\t<div>\n\t\t\t\t<img decoding=\"async\" width=\"128\" height=\"128\" src=\"https:\/\/atvido.com\/wp-content\/uploads\/2022\/03\/sandelys.png\" class=\"attachment-large size-large\" alt=\"\" \/><h3>Unsere Lageradresse in UK oder DE angeben.<\/h3><p>Geben Sie den Kunden unsere Adresse als lokaler Absender an<\/p>\t\t\t<\/div>\n\t\t\t\t\t<\/figute>\n\n\t\t\t\t\t\t<\/div>\n\t\t\t\t<\/div>\n\t\t\t\t\t<\/div>\n\t\t<\/div>\n\t\t\t\t<div class=\"elementor-column elementor-col-33 elementor-top-column elementor-element elementor-element-a4c1422\" data-id=\"a4c1422\" data-element_type=\"column\" data-e-type=\"column\">\n\t\t\t<div class=\"elementor-widget-wrap elementor-element-populated\">\n\t\t\t\t\t\t<div class=\"elementor-element elementor-element-1144284 elementor-widget elementor-widget-atvyko-image\" data-id=\"1144284\" data-element_type=\"widget\" data-e-type=\"widget\" data-widget_type=\"atvyko-image.default\">\n\t\t\t\t<div class=\"elementor-widget-container\">\n\t\t\t\t\t\n\t\t<figure class=\"atvyko-image atvyko-image--center atvyko-image--icon atvyko-image--heading\">\n\t\t\t<div>\n\t\t\t\t<img decoding=\"async\" width=\"128\" height=\"128\" src=\"https:\/\/atvido.com\/wp-content\/uploads\/2022\/03\/transportas.png\" class=\"attachment-large size-large\" alt=\"\" \/><h3>Wir nehmen die Ware entgegen<\/h3><p>Sie werden Informationen und Produktfotos sehen k\u00f6nnen.<\/p>\t\t\t<\/div>\n\t\t\t\t\t<\/figute>\n\n\t\t\t\t\t\t<\/div>\n\t\t\t\t<\/div>\n\t\t\t\t\t<\/div>\n\t\t<\/div>\n\t\t\t\t<div class=\"elementor-column elementor-col-33 elementor-top-column elementor-element elementor-element-0c61504\" data-id=\"0c61504\" data-element_type=\"column\" data-e-type=\"column\">\n\t\t\t<div class=\"elementor-widget-wrap elementor-element-populated\">\n\t\t\t\t\t\t<div class=\"elementor-element elementor-element-1676ee6 elementor-widget elementor-widget-atvyko-image\" data-id=\"1676ee6\" data-element_type=\"widget\" data-e-type=\"widget\" data-widget_type=\"atvyko-image.default\">\n\t\t\t\t<div class=\"elementor-widget-container\">\n\t\t\t\t\t\n\t\t<figure class=\"atvyko-image atvyko-image--center atvyko-image--icon atvyko-image--heading\">\n\t\t\t<div>\n\t\t\t\t<img loading=\"lazy\" decoding=\"async\" width=\"128\" height=\"128\" src=\"https:\/\/atvido.com\/wp-content\/uploads\/2022\/03\/siunta.png\" class=\"attachment-large size-large\" alt=\"\" \/><h3>Wir schicken Ihnen die Waren zu<\/h3><p>Sie k\u00f6nnen jederzeit den Versand von Waren im System bestellen<\/p>\t\t\t<\/div>\n\t\t\t\t\t<\/figute>\n\n\t\t\t\t\t\t<\/div>\n\t\t\t\t<\/div>\n\t\t\t\t\t<\/div>\n\t\t<\/div>\n\t\t\t\t\t<\/div>\n\t\t<\/section>\n\t\t\t\t<section class=\"elementor-section elementor-top-section elementor-element elementor-element-2af4744 elementor-section-full_width elementor-section-height-default elementor-section-height-default\" data-id=\"2af4744\" data-element_type=\"section\" data-e-type=\"section\">\n\t\t\t\t\t\t<div class=\"elementor-container elementor-column-gap-default\">\n\t\t\t\t\t<div class=\"elementor-column elementor-col-100 elementor-top-column elementor-element elementor-element-0c03b50\" data-id=\"0c03b50\" data-element_type=\"column\" data-e-type=\"column\">\n\t\t\t<div class=\"elementor-widget-wrap elementor-element-populated\">\n\t\t\t\t\t\t<div class=\"elementor-element elementor-element-ee9dbf0 elementor-widget elementor-widget-atvyko-image-text\" data-id=\"ee9dbf0\" data-element_type=\"widget\" data-e-type=\"widget\" data-widget_type=\"atvyko-image-text.default\">\n\t\t\t\t<div class=\"elementor-widget-container\">\n\t\t\t\t\t\n\n\t\t<div class=\"atvyko-image-text atvyko-image-text--left atvyko-image-text--content el-after-none\">\n\t\t\t\t\t\t<div class=\"row row--align-center row--justify-between\">\n\t\t\t\t<div class=\"col col--5 col--lg-6 col--md-order-2\">\n\t\t\t\n\t\t\t\t\t\t\t\t\t\t<div class=\"atvyko-image-text__heading\">\n\t\t\t\t\t\t\t\t\t\t\t\t\t<h2>Einfache R\u00fcckgabe mit Atvido.com.<\/h2>\n\t\t\t\t\t\t\t\t\t\t\t\t\t\t\t\t\t<\/div>\n\t\t\t\t\t\n\t\t\t\t\t<h3>Billiger<\/h3><p>Durch die Nutzung lokaler Kurierdienste wird die R\u00fccksendung von Paketen f\u00fcr die Kunden billiger.<\/p><h3>Schneller<\/h3><p>Noch am selben Tag versenden wir die Artikel. Sie k\u00f6nnen die folgenden Kurierdienste nutzen: DHL, DPD, FEDEX, UPS und TNT<\/p><h3>Wir versenden weltweit<\/h3><p>Retouren werden in \u00fcber 220 L\u00e4nder verschickt.<\/p>\n\t\t\t\t\t\n\t\t\t\t\t\n\t\t\t\t<\/div>\n\n\t\t\t\t\t\t\t\t<div class=\"col col--6 col--md-order-1\">\n\t\t\t\t\n\t\t\t\t\t<figure class=\"atvyko-image\">\n\t\t\t\t\t\t<div>\n\t\t\t\t\t\t<img loading=\"lazy\" decoding=\"async\" width=\"496\" height=\"421\" src=\"https:\/\/atvido.com\/wp-content\/uploads\/2022\/03\/siuntas-gaukite.png\" class=\"attachment-large size-large\" alt=\"\" srcset=\"https:\/\/atvido.com\/wp-content\/uploads\/2022\/03\/siuntas-gaukite.png 496w, https:\/\/atvido.com\/wp-content\/uploads\/2022\/03\/siuntas-gaukite-300x255.png 300w\" sizes=\"(max-width: 496px) 100vw, 496px\" \/>\t\t\t\t\t\t<\/div>\n\t\t\t\t\t<\/figure>\n\n\t\t\t\t<\/div>\n\t\t\t<\/div>\n\t\t<\/div>\n\n\t\t\t\t\t\t<\/div>\n\t\t\t\t<\/div>\n\t\t\t\t\t<\/div>\n\t\t<\/div>\n\t\t\t\t\t<\/div>\n\t\t<\/section>\n\t\t\t\t<section class=\"elementor-section elementor-top-section elementor-element elementor-element-4c67aa6 elementor-section-full_width elementor-section-height-default elementor-section-height-default\" data-id=\"4c67aa6\" data-element_type=\"section\" data-e-type=\"section\">\n\t\t\t\t\t\t<div class=\"elementor-container elementor-column-gap-default\">\n\t\t\t\t\t<div class=\"elementor-column elementor-col-100 elementor-top-column elementor-element elementor-element-0a95466\" data-id=\"0a95466\" data-element_type=\"column\" data-e-type=\"column\">\n\t\t\t<div class=\"elementor-widget-wrap\">\n\t\t\t\t\t\t\t<\/div>\n\t\t<\/div>\n\t\t\t\t\t<\/div>\n\t\t<\/section>\n\t\t\t\t<section class=\"elementor-section elementor-top-section elementor-element elementor-element-53d2a39 elementor-section-full_width elementor-section-height-default elementor-section-height-default\" data-id=\"53d2a39\" data-element_type=\"section\" data-e-type=\"section\">\n\t\t\t\t\t\t<div class=\"elementor-container elementor-column-gap-default\">\n\t\t\t\t\t<div class=\"elementor-column elementor-col-100 elementor-top-column elementor-element elementor-element-382a1d8\" data-id=\"382a1d8\" data-element_type=\"column\" data-e-type=\"column\">\n\t\t\t<div class=\"elementor-widget-wrap elementor-element-populated\">\n\t\t\t\t\t\t<div class=\"elementor-element elementor-element-9589a46 elementor-widget elementor-widget-atvyko-faq\" data-id=\"9589a46\" data-element_type=\"widget\" data-e-type=\"widget\" data-widget_type=\"atvyko-faq.default\">\n\t\t\t\t<div class=\"elementor-widget-container\">\n\t\t\t\t\t\n\t\t<div class=\"atvyko-faqs heading heading--bg\">\n\n\t\t\t<div class=\"row row row--justify-center row--align-center\">\n\t\t\t\t<div class=\"col col--10 col--lg-12\">\n\n\t\t\t\t\t\t\t\t\t\t\t<h1>H\u00e4ufig gestellte Fragen<\/h1>\n\t\t\t\t\t\n\t\t\t\t\t\n\t\t\t\t<\/div>\n\t\t\t<\/div>\n\n\t\t\t\t\t\t<div class=\"row row--justify-center\">\n\t\t\t\t<div class=\"col col--7 col--lg-8 col--md-9 col--sm-12\">\n\t\t\t\t\t<div class=\"heading__image\">\n\t\t\t\t\t\t<img loading=\"lazy\" decoding=\"async\" width=\"640\" height=\"426\" src=\"https:\/\/atvido.com\/wp-content\/uploads\/2022\/09\/Atvido-Com-Iliustracija-1024x682.png\" class=\"attachment-large size-large\" alt=\"\" srcset=\"https:\/\/atvido.com\/wp-content\/uploads\/2022\/09\/Atvido-Com-Iliustracija-1024x682.png 1024w, https:\/\/atvido.com\/wp-content\/uploads\/2022\/09\/Atvido-Com-Iliustracija-300x200.png 300w, https:\/\/atvido.com\/wp-content\/uploads\/2022\/09\/Atvido-Com-Iliustracija-768x512.png 768w, https:\/\/atvido.com\/wp-content\/uploads\/2022\/09\/Atvido-Com-Iliustracija-1536x1024.png 1536w, https:\/\/atvido.com\/wp-content\/uploads\/2022\/09\/Atvido-Com-Iliustracija.png 1751w\" sizes=\"(max-width: 640px) 100vw, 640px\" \/>\t\t\t\t\t<\/div>\n\t\t\t\t<\/div>\n\t\t\t<\/div>\n\t\t\t\n\t\t\t\n\t\t\t\n\t\t<\/div>\n\n\t\t\t\t\t\t<\/div>\n\t\t\t\t<\/div>\n\t\t\t\t<div class=\"elementor-element elementor-element-c47e37b elementor-widget elementor-widget-atvyko-couriers\" data-id=\"c47e37b\" data-element_type=\"widget\" data-e-type=\"widget\" data-widget_type=\"atvyko-couriers.default\">\n\t\t\t\t<div class=\"elementor-widget-container\">\n\t\t\t\t\t\n\t\t<div class=\"atvyko-couriers\">\n\n\t\t\t<div class=\"row row row--justify-between row--align-center\">\n\t\t\t\t<div class=\"col col--5 col--lg-6\">\n\t\t\t\t\t<h2>Behalten Sie den \u00dcberblick \u00fcber Ihre Waren<\/h2><p>Wir k\u00f6nnen Pakete von allen britischen Kurierdiensten und Spediteuren annehmen.<\/p>\t\t\t\t<\/div>\n\t\t\t\t<div class=\"col col--6\">\n\t\t\t\t\t\t\t\t\t\t<ul>\n\t\t\t\t\t\t\t\t\t\t\t\t\t\t\t\t\t\t\t\t<li><img decoding=\"async\" src=\"https:\/\/atvido.com\/wp-content\/uploads\/2022\/03\/dpd.svg\" alt=\"DPD\"><\/li>\n\t\t\t\t\t\t\t\t\t\t\t\t\t\t\t\t\t\t\t\t\t\t\t\t\t\t\t<li><img decoding=\"async\" src=\"https:\/\/atvido.com\/wp-content\/uploads\/2022\/03\/fedex.svg\" alt=\"FedEx\"><\/li>\n\t\t\t\t\t\t\t\t\t\t\t\t\t\t\t\t\t\t\t\t\t\t\t\t\t\t\t<li><img decoding=\"async\" src=\"https:\/\/atvido.com\/wp-content\/uploads\/2022\/03\/gls.svg\" alt=\"General Logistics Systems\"><\/li>\n\t\t\t\t\t\t\t\t\t\t\t\t\t\t\t\t\t\t\t\t\t\t\t\t\t\t\t<li><img decoding=\"async\" src=\"https:\/\/atvido.com\/wp-content\/uploads\/2022\/03\/dhl.svg\" alt=\"DHL\"><\/li>\n\t\t\t\t\t\t\t\t\t\t\t\t\t\t\t\t\t\t\t\t\t\t\t\t\t\t\t<li><img decoding=\"async\" src=\"https:\/\/atvido.com\/wp-content\/uploads\/2022\/09\/TNT_Express_Logo.svg.png\" alt=\"\"><\/li>\n\t\t\t\t\t\t\t\t\t\t\t\t\t\t\t\t\t\t<\/ul>\n\t\t\t\t\t\t\t\t\t<\/div>\n\t\t\t<\/div>\n\t\t<\/div>\n\n\t\t\t\t\t\t<\/div>\n\t\t\t\t<\/div>\n\t\t\t\t\t<\/div>\n\t\t<\/div>\n\t\t\t\t\t<\/div>\n\t\t<\/section>\n\t\t\t\t<\/div>\n\t\t","protected":false},"excerpt":{"rendered":"<p>Sind Sie auf dem britischen Markt vertreten? Provide buyers with a UK or Germany returns address Sie steigern Ihren Umsatz&#8230;.<\/p>\n","protected":false},"author":1,"featured_media":0,"parent":0,"menu_order":0,"comment_status":"closed","ping_status":"closed","template":"page-no-header.php","meta":{"inline_featured_image":false,"footnotes":""},"class_list":["post-1062525","page","type-page","status-publish","hentry"],"yoast_head":"<!-- This site is optimized with the Yoast SEO plugin v27.4 - https:\/\/yoast.com\/product\/yoast-seo-wordpress\/ -->\n<title>F\u00fcr Unternehmen - Atvido<\/title>\n<meta name=\"robots\" content=\"index, follow, max-snippet:-1, max-image-preview:large, max-video-preview:-1\" \/>\n<link rel=\"canonical\" href=\"https:\/\/atvido.com\/de\/fur-unternehmen\/\" \/>\n<meta property=\"og:locale\" content=\"de_DE\" \/>\n<meta property=\"og:type\" content=\"article\" \/>\n<meta property=\"og:title\" content=\"F\u00fcr Unternehmen - Atvido\" \/>\n<meta property=\"og:description\" content=\"Sind Sie auf dem britischen Markt vertreten? Provide buyers with a UK or Germany returns address Sie steigern Ihren Umsatz....\" \/>\n<meta property=\"og:url\" content=\"https:\/\/atvido.com\/de\/fur-unternehmen\/\" \/>\n<meta property=\"og:site_name\" content=\"Atvido\" \/>\n<meta property=\"article:publisher\" content=\"https:\/\/www.facebook.com\/atvido\" \/>\n<meta property=\"article:modified_time\" content=\"2024-01-25T11:24:22+00:00\" \/>\n<meta property=\"og:image\" content=\"https:\/\/atvido.com\/wp-content\/uploads\/2022\/03\/verslui.png\" \/>\n<meta name=\"twitter:card\" content=\"summary_large_image\" \/>\n<script type=\"application\/ld+json\" class=\"yoast-schema-graph\">{\"@context\":\"https:\\\/\\\/schema.org\",\"@graph\":[{\"@type\":\"WebPage\",\"@id\":\"https:\\\/\\\/atvido.com\\\/de\\\/fur-unternehmen\\\/\",\"url\":\"https:\\\/\\\/atvido.com\\\/de\\\/fur-unternehmen\\\/\",\"name\":\"F\u00fcr Unternehmen - Atvido\",\"isPartOf\":{\"@id\":\"https:\\\/\\\/atvido.com\\\/de\\\/#website\"},\"primaryImageOfPage\":{\"@id\":\"https:\\\/\\\/atvido.com\\\/de\\\/fur-unternehmen\\\/#primaryimage\"},\"image\":{\"@id\":\"https:\\\/\\\/atvido.com\\\/de\\\/fur-unternehmen\\\/#primaryimage\"},\"thumbnailUrl\":\"https:\\\/\\\/atvido.com\\\/wp-content\\\/uploads\\\/2022\\\/03\\\/verslui.png\",\"datePublished\":\"2022-03-16T13:58:44+00:00\",\"dateModified\":\"2024-01-25T11:24:22+00:00\",\"breadcrumb\":{\"@id\":\"https:\\\/\\\/atvido.com\\\/de\\\/fur-unternehmen\\\/#breadcrumb\"},\"inLanguage\":\"de\",\"potentialAction\":[{\"@type\":\"ReadAction\",\"target\":[\"https:\\\/\\\/atvido.com\\\/de\\\/fur-unternehmen\\\/\"]}]},{\"@type\":\"ImageObject\",\"inLanguage\":\"de\",\"@id\":\"https:\\\/\\\/atvido.com\\\/de\\\/fur-unternehmen\\\/#primaryimage\",\"url\":\"https:\\\/\\\/atvido.com\\\/wp-content\\\/uploads\\\/2022\\\/03\\\/verslui.png\",\"contentUrl\":\"https:\\\/\\\/atvido.com\\\/wp-content\\\/uploads\\\/2022\\\/03\\\/verslui.png\"},{\"@type\":\"BreadcrumbList\",\"@id\":\"https:\\\/\\\/atvido.com\\\/de\\\/fur-unternehmen\\\/#breadcrumb\",\"itemListElement\":[{\"@type\":\"ListItem\",\"position\":1,\"name\":\"Home\",\"item\":\"https:\\\/\\\/atvido.com\\\/de\\\/startseite\\\/\"},{\"@type\":\"ListItem\",\"position\":2,\"name\":\"F\u00fcr Unternehmen\"}]},{\"@type\":\"WebSite\",\"@id\":\"https:\\\/\\\/atvido.com\\\/de\\\/#website\",\"url\":\"https:\\\/\\\/atvido.com\\\/de\\\/\",\"name\":\"Atvido\",\"description\":\"Get an UK address and save up to 80% on international delivery\",\"publisher\":{\"@id\":\"https:\\\/\\\/atvido.com\\\/de\\\/#organization\"},\"potentialAction\":[{\"@type\":\"SearchAction\",\"target\":{\"@type\":\"EntryPoint\",\"urlTemplate\":\"https:\\\/\\\/atvido.com\\\/de\\\/?s={search_term_string}\"},\"query-input\":{\"@type\":\"PropertyValueSpecification\",\"valueRequired\":true,\"valueName\":\"search_term_string\"}}],\"inLanguage\":\"de\"},{\"@type\":\"Organization\",\"@id\":\"https:\\\/\\\/atvido.com\\\/de\\\/#organization\",\"name\":\"Atvido\",\"url\":\"https:\\\/\\\/atvido.com\\\/de\\\/\",\"logo\":{\"@type\":\"ImageObject\",\"inLanguage\":\"de\",\"@id\":\"https:\\\/\\\/atvido.com\\\/de\\\/#\\\/schema\\\/logo\\\/image\\\/\",\"url\":\"https:\\\/\\\/atvido.com\\\/wp-content\\\/uploads\\\/2022\\\/10\\\/Untitled-design-2022-09-27T022430.975.png\",\"contentUrl\":\"https:\\\/\\\/atvido.com\\\/wp-content\\\/uploads\\\/2022\\\/10\\\/Untitled-design-2022-09-27T022430.975.png\",\"width\":1024,\"height\":1024,\"caption\":\"Atvido\"},\"image\":{\"@id\":\"https:\\\/\\\/atvido.com\\\/de\\\/#\\\/schema\\\/logo\\\/image\\\/\"},\"sameAs\":[\"https:\\\/\\\/www.facebook.com\\\/atvido\"]}]}<\/script>\n<!-- \/ Yoast SEO plugin. -->","yoast_head_json":{"title":"F\u00fcr Unternehmen - Atvido","robots":{"index":"index","follow":"follow","max-snippet":"max-snippet:-1","max-image-preview":"max-image-preview:large","max-video-preview":"max-video-preview:-1"},"canonical":"https:\/\/atvido.com\/de\/fur-unternehmen\/","og_locale":"de_DE","og_type":"article","og_title":"F\u00fcr Unternehmen - Atvido","og_description":"Sind Sie auf dem britischen Markt vertreten? Provide buyers with a UK or Germany returns address Sie steigern Ihren Umsatz....","og_url":"https:\/\/atvido.com\/de\/fur-unternehmen\/","og_site_name":"Atvido","article_publisher":"https:\/\/www.facebook.com\/atvido","article_modified_time":"2024-01-25T11:24:22+00:00","og_image":[{"url":"https:\/\/atvido.com\/wp-content\/uploads\/2022\/03\/verslui.png","type":"","width":"","height":""}],"twitter_card":"summary_large_image","schema":{"@context":"https:\/\/schema.org","@graph":[{"@type":"WebPage","@id":"https:\/\/atvido.com\/de\/fur-unternehmen\/","url":"https:\/\/atvido.com\/de\/fur-unternehmen\/","name":"F\u00fcr Unternehmen - Atvido","isPartOf":{"@id":"https:\/\/atvido.com\/de\/#website"},"primaryImageOfPage":{"@id":"https:\/\/atvido.com\/de\/fur-unternehmen\/#primaryimage"},"image":{"@id":"https:\/\/atvido.com\/de\/fur-unternehmen\/#primaryimage"},"thumbnailUrl":"https:\/\/atvido.com\/wp-content\/uploads\/2022\/03\/verslui.png","datePublished":"2022-03-16T13:58:44+00:00","dateModified":"2024-01-25T11:24:22+00:00","breadcrumb":{"@id":"https:\/\/atvido.com\/de\/fur-unternehmen\/#breadcrumb"},"inLanguage":"de","potentialAction":[{"@type":"ReadAction","target":["https:\/\/atvido.com\/de\/fur-unternehmen\/"]}]},{"@type":"ImageObject","inLanguage":"de","@id":"https:\/\/atvido.com\/de\/fur-unternehmen\/#primaryimage","url":"https:\/\/atvido.com\/wp-content\/uploads\/2022\/03\/verslui.png","contentUrl":"https:\/\/atvido.com\/wp-content\/uploads\/2022\/03\/verslui.png"},{"@type":"BreadcrumbList","@id":"https:\/\/atvido.com\/de\/fur-unternehmen\/#breadcrumb","itemListElement":[{"@type":"ListItem","position":1,"name":"Home","item":"https:\/\/atvido.com\/de\/startseite\/"},{"@type":"ListItem","position":2,"name":"F\u00fcr Unternehmen"}]},{"@type":"WebSite","@id":"https:\/\/atvido.com\/de\/#website","url":"https:\/\/atvido.com\/de\/","name":"Atvido","description":"Get an UK address and save up to 80% on international delivery","publisher":{"@id":"https:\/\/atvido.com\/de\/#organization"},"potentialAction":[{"@type":"SearchAction","target":{"@type":"EntryPoint","urlTemplate":"https:\/\/atvido.com\/de\/?s={search_term_string}"},"query-input":{"@type":"PropertyValueSpecification","valueRequired":true,"valueName":"search_term_string"}}],"inLanguage":"de"},{"@type":"Organization","@id":"https:\/\/atvido.com\/de\/#organization","name":"Atvido","url":"https:\/\/atvido.com\/de\/","logo":{"@type":"ImageObject","inLanguage":"de","@id":"https:\/\/atvido.com\/de\/#\/schema\/logo\/image\/","url":"https:\/\/atvido.com\/wp-content\/uploads\/2022\/10\/Untitled-design-2022-09-27T022430.975.png","contentUrl":"https:\/\/atvido.com\/wp-content\/uploads\/2022\/10\/Untitled-design-2022-09-27T022430.975.png","width":1024,"height":1024,"caption":"Atvido"},"image":{"@id":"https:\/\/atvido.com\/de\/#\/schema\/logo\/image\/"},"sameAs":["https:\/\/www.facebook.com\/atvido"]}]}},"acf":[],"_links":{"self":[{"href":"https:\/\/atvido.com\/de\/wp-json\/wp\/v2\/pages\/1062525","targetHints":{"allow":["GET"]}}],"collection":[{"href":"https:\/\/atvido.com\/de\/wp-json\/wp\/v2\/pages"}],"about":[{"href":"https:\/\/atvido.com\/de\/wp-json\/wp\/v2\/types\/page"}],"author":[{"embeddable":true,"href":"https:\/\/atvido.com\/de\/wp-json\/wp\/v2\/users\/1"}],"replies":[{"embeddable":true,"href":"https:\/\/atvido.com\/de\/wp-json\/wp\/v2\/comments?post=1062525"}],"version-history":[{"count":3,"href":"https:\/\/atvido.com\/de\/wp-json\/wp\/v2\/pages\/1062525\/revisions"}],"predecessor-version":[{"id":1062791,"href":"https:\/\/atvido.com\/de\/wp-json\/wp\/v2\/pages\/1062525\/revisions\/1062791"}],"wp:attachment":[{"href":"https:\/\/atvido.com\/de\/wp-json\/wp\/v2\/media?parent=1062525"}],"curies":[{"name":"wp","href":"https:\/\/api.w.org\/{rel}","templated":true}]}}