{"id":1062521,"date":"2022-03-12T17:20:41","date_gmt":"2022-03-12T15:20:41","guid":{"rendered":"https:\/\/atvido.com\/wie-funktionierts\/"},"modified":"2024-01-30T17:52:45","modified_gmt":"2024-01-30T15:52:45","slug":"wie-funktionierts","status":"publish","type":"page","link":"https:\/\/atvido.com\/de\/wie-funktionierts\/","title":{"rendered":"Wie funktioniert&#8217;s?"},"content":{"rendered":"\t\t<div data-elementor-type=\"wp-page\" data-elementor-id=\"1062521\" class=\"elementor elementor-1062521 elementor-466\" data-elementor-post-type=\"page\">\n\t\t\t\t\t\t<section class=\"elementor-section elementor-top-section elementor-element elementor-element-ec02825 elementor-section-full_width elementor-section-height-default elementor-section-height-default\" data-id=\"ec02825\" data-element_type=\"section\" data-e-type=\"section\">\n\t\t\t\t\t\t<div class=\"elementor-container elementor-column-gap-no\">\n\t\t\t\t\t<div class=\"elementor-column elementor-col-100 elementor-top-column elementor-element elementor-element-1021abb\" data-id=\"1021abb\" data-element_type=\"column\" data-e-type=\"column\">\n\t\t\t<div class=\"elementor-widget-wrap elementor-element-populated\">\n\t\t\t\t\t\t<div class=\"elementor-element elementor-element-ae44a6a elementor-widget elementor-widget-atvyko-heading\" data-id=\"ae44a6a\" data-element_type=\"widget\" data-e-type=\"widget\" data-widget_type=\"atvyko-heading.default\">\n\t\t\t\t<div class=\"elementor-widget-container\">\n\t\t\t\t\t\n\t\t<div class=\"atvyko-heading heading heading--center heading--bg el-after-style_1\">\n\n\t\t\t<div class=\"row row row--justify-center row--align-center\">\n\t\t\t\t<div class=\"col col--10 col--lg-12\">\n\t\t\t\t\t<h1>Wie funktioniert Atvido? <br>Just a few steps and the parcel will be at your door<\/h1>\t\t\t\t\t\t\t\t\t\t<div class=\"heading__excerpt\">\n\t\t\t\t\t\t<p>Wir vergeben Ihnen eine UK &amp; DE Adresse, \nSie sparen bis zu 80% der Versandkosten\n<\/p>\n\t\t\t\t\t<\/div>\n\t\t\t\t\t\n\t\t\t\t\t\t\t\t\t<\/div>\n\t\t\t<\/div>\n\n\t\t\t\t\t\t<div class=\"row row--justify-center\">\n\t\t\t\t<div class=\"col col--7 col--lg-8 col--md-9 col--sm-12\">\n\t\t\t\t\t<div class=\"heading__image\">\n\t\t\t\t\t\t\n\t\t\t\t\t\t<img fetchpriority=\"high\" decoding=\"async\" width=\"640\" height=\"377\" src=\"https:\/\/atvido.com\/wp-content\/uploads\/2022\/03\/kaip-tai-veikia.png\" class=\"attachment-large size-large\" alt=\"\" srcset=\"https:\/\/atvido.com\/wp-content\/uploads\/2022\/03\/kaip-tai-veikia.png 640w, https:\/\/atvido.com\/wp-content\/uploads\/2022\/03\/kaip-tai-veikia-300x177.png 300w\" sizes=\"(max-width: 640px) 100vw, 640px\" \/>\t\t\t\t\t<\/div>\n\t\t\t\t<\/div>\n\t\t\t<\/div>\n\t\t\t\n\t\t<\/div>\n\n\t\t\t\t\t\t<\/div>\n\t\t\t\t<\/div>\n\t\t\t\t<div class=\"elementor-element elementor-element-f403f58 elementor-widget elementor-widget-atvyko-image-text\" data-id=\"f403f58\" data-element_type=\"widget\" data-e-type=\"widget\" data-widget_type=\"atvyko-image-text.default\">\n\t\t\t\t<div class=\"elementor-widget-container\">\n\t\t\t\t\t\n\n\t\t<div class=\"atvyko-image-text atvyko-image-text--right atvyko-image-text--content el-after-style_2\">\n\t\t\t\t\t\t<div class=\"row row--align-center row--justify-between\">\n\t\t\t\t<div class=\"col col--5 col--lg-6 col--md-order-2\">\n\t\t\t\n\t\t\t\t\t\t\t\t\t\t<div class=\"atvyko-image-text__heading\">\n\t\t\t\t\t\t\t\t\t\t\t\t\t<h2>Schritt 1<\/h2>\n\t\t\t\t\t\t\t\t\t\t\t\t\t\t\t\t\t<\/div>\n\t\t\t\t\t\n\t\t\t\t\t<h4>Im Online-Shop UK oder DE das gew\u00fcnschte Produkt finden<\/h4><p>Sie sehen und kaufen. Wir versenden<\/p>\n\t\t\t\t\t\n\t\t\t\t\t\n\t\t\t\t<\/div>\n\n\t\t\t\t\t\t\t\t<div class=\"col col--6 col--md-order-1\">\n\t\t\t\t\n\t\t\t\t\t<figure class=\"atvyko-image\">\n\t\t\t\t\t\t<div>\n\t\t\t\t\t\t<img decoding=\"async\" width=\"496\" height=\"284\" src=\"https:\/\/atvido.com\/wp-content\/uploads\/2022\/04\/1-zingsnis.png\" class=\"attachment-large size-large\" alt=\"\" srcset=\"https:\/\/atvido.com\/wp-content\/uploads\/2022\/04\/1-zingsnis.png 496w, https:\/\/atvido.com\/wp-content\/uploads\/2022\/04\/1-zingsnis-300x172.png 300w\" sizes=\"(max-width: 496px) 100vw, 496px\" \/>\t\t\t\t\t\t<\/div>\n\t\t\t\t\t<\/figure>\n\n\t\t\t\t<\/div>\n\t\t\t<\/div>\n\t\t<\/div>\n\n\t\t\t\t\t\t<\/div>\n\t\t\t\t<\/div>\n\t\t\t\t<div class=\"elementor-element elementor-element-3718ee2 elementor-widget elementor-widget-atvyko-image-text\" data-id=\"3718ee2\" data-element_type=\"widget\" data-e-type=\"widget\" data-widget_type=\"atvyko-image-text.default\">\n\t\t\t\t<div class=\"elementor-widget-container\">\n\t\t\t\t\t\n\n\t\t<div class=\"atvyko-image-text atvyko-image-text--left atvyko-image-text--content el-after-style_3\">\n\t\t\t\t\t\t<div class=\"row row--align-center row--justify-between\">\n\t\t\t\t<div class=\"col col--5 col--lg-6 col--md-order-2\">\n\t\t\t\n\t\t\t\t\t\t\t\t\t\t<div class=\"atvyko-image-text__heading\">\n\t\t\t\t\t\t\t\t\t\t\t\t\t<h2>Schritt 2<\/h2>\n\t\t\t\t\t\t\t\t\t\t\t\t\t\t\t\t\t<\/div>\n\t\t\t\t\t\n\t\t\t\t\t<h4>Registrierung<\/h4><p>Ihnen sagt etwas zu? Mega!<\/p><p>Nach Ihrer Registrierung stellen wir Ihnen eine Adresse in Gro\u00dfbritannien und Deutschland zur Verf\u00fcgung, damit Sie bis zu 80 % bei den Versandkosten sparen k\u00f6nnen.<\/p>\n\t\t\t\t\t\n\t\t\t\t\t\n\t\t\t\t<\/div>\n\n\t\t\t\t\t\t\t\t<div class=\"col col--6 col--md-order-1\">\n\t\t\t\t\n\t\t\t\t\t<figure class=\"atvyko-image\">\n\t\t\t\t\t\t<div>\n\t\t\t\t\t\t<img decoding=\"async\" width=\"496\" height=\"284\" src=\"https:\/\/atvido.com\/wp-content\/uploads\/2022\/04\/2-zingsnis.png\" class=\"attachment-large size-large\" alt=\"\" srcset=\"https:\/\/atvido.com\/wp-content\/uploads\/2022\/04\/2-zingsnis.png 496w, https:\/\/atvido.com\/wp-content\/uploads\/2022\/04\/2-zingsnis-300x172.png 300w\" sizes=\"(max-width: 496px) 100vw, 496px\" \/>\t\t\t\t\t\t<\/div>\n\t\t\t\t\t<\/figure>\n\n\t\t\t\t<\/div>\n\t\t\t<\/div>\n\t\t<\/div>\n\n\t\t\t\t\t\t<\/div>\n\t\t\t\t<\/div>\n\t\t\t\t<div class=\"elementor-element elementor-element-6519a8f elementor-widget elementor-widget-atvyko-image-text\" data-id=\"6519a8f\" data-element_type=\"widget\" data-e-type=\"widget\" data-widget_type=\"atvyko-image-text.default\">\n\t\t\t\t<div class=\"elementor-widget-container\">\n\t\t\t\t\t\n\n\t\t<div class=\"atvyko-image-text atvyko-image-text--right atvyko-image-text--content el-after-style_2\">\n\t\t\t\t\t\t<div class=\"row row--align-center row--justify-between\">\n\t\t\t\t<div class=\"col col--5 col--lg-6 col--md-order-2\">\n\t\t\t\n\t\t\t\t\t\t\t\t\t\t<div class=\"atvyko-image-text__heading\">\n\t\t\t\t\t\t\t\t\t\t\t\t\t<h2>Schritt 3<\/h2>\n\t\t\t\t\t\t\t\t\t\t\t\t\t\t\t\t\t<\/div>\n\t\t\t\t\t\n\t\t\t\t\t<h4>Unsere UK-Adresse eingeben<\/h4><p>Wenn Sie Ihre Bestellung online \u00fcber einen H\u00e4ndler in Gro\u00dfbritannien oder Deutschland aufgeben, geben Sie beim Checkout Ihre Lieferanschrift in Gro\u00dfbritannien oder Deutschland ein.<\/p>\n\t\t\t\t\t\n\t\t\t\t\t\n\t\t\t\t<\/div>\n\n\t\t\t\t\t\t\t\t<div class=\"col col--6 col--md-order-1\">\n\t\t\t\t\n\t\t\t\t\t<figure class=\"atvyko-image\">\n\t\t\t\t\t\t<div>\n\t\t\t\t\t\t<img loading=\"lazy\" decoding=\"async\" width=\"496\" height=\"284\" src=\"https:\/\/atvido.com\/wp-content\/uploads\/2022\/04\/3-zingsnis-2.png\" class=\"attachment-large size-large\" alt=\"\" srcset=\"https:\/\/atvido.com\/wp-content\/uploads\/2022\/04\/3-zingsnis-2.png 496w, https:\/\/atvido.com\/wp-content\/uploads\/2022\/04\/3-zingsnis-2-300x172.png 300w\" sizes=\"(max-width: 496px) 100vw, 496px\" \/>\t\t\t\t\t\t<\/div>\n\t\t\t\t\t<\/figure>\n\n\t\t\t\t<\/div>\n\t\t\t<\/div>\n\t\t<\/div>\n\n\t\t\t\t\t\t<\/div>\n\t\t\t\t<\/div>\n\t\t\t\t\t<\/div>\n\t\t<\/div>\n\t\t\t\t\t<\/div>\n\t\t<\/section>\n\t\t\t\t<section class=\"elementor-section elementor-top-section elementor-element elementor-element-5919176 elementor-section-full_width elementor-section-height-default elementor-section-height-default\" data-id=\"5919176\" data-element_type=\"section\" data-e-type=\"section\">\n\t\t\t\t\t\t<div class=\"elementor-container elementor-column-gap-default\">\n\t\t\t\t\t<div class=\"elementor-column elementor-col-100 elementor-top-column elementor-element elementor-element-e9e0aeb\" data-id=\"e9e0aeb\" data-element_type=\"column\" data-e-type=\"column\">\n\t\t\t<div class=\"elementor-widget-wrap elementor-element-populated\">\n\t\t\t\t\t\t<div class=\"elementor-element elementor-element-9bb09c8 elementor-widget elementor-widget-atvyko-image-text\" data-id=\"9bb09c8\" data-element_type=\"widget\" data-e-type=\"widget\" data-widget_type=\"atvyko-image-text.default\">\n\t\t\t\t<div class=\"elementor-widget-container\">\n\t\t\t\t\t\n\n\t\t<div class=\"atvyko-image-text atvyko-image-text--left atvyko-image-text--content el-after-none\">\n\t\t\t\t\t\t<div class=\"row row--align-center row--justify-between\">\n\t\t\t\t<div class=\"col col--5 col--lg-6 col--md-order-2\">\n\t\t\t\n\t\t\t\t\t\t\t\t\t\t<div class=\"atvyko-image-text__heading\">\n\t\t\t\t\t\t\t\t\t\t\t\t\t<h2>Schritt 4<\/h2>\n\t\t\t\t\t\t\t\t\t\t\t\t\t\t\t\t\t<\/div>\n\t\t\t\t\t\n\t\t\t\t\t<h4>Wir liefern das Paket dann an die von Ihnen angegebene Adresse. <\/h4><p>Wie wollen Sie Ihr Produkt versenden? Pakete kombinieren und bis zu 80% Versandkosten sparen. Bequem bestellen und unser Team schickt Ihnen das Paket noch am selben Tag.<\/p>\n\t\t\t\t\t\n\t\t\t\t\t\t\t\t\t\t<div class=\"atvyko-image-text__buttons\">\n\t\t\t\t\t\t<a class=\"main-button\" href=\"https:\/\/app.atvido.com\/auth\/register\">UK &amp; DE Adresse GRATIS erhalten<\/a>\t\t\t\t\t<\/div>\n\t\t\t\t\t\n\t\t\t\t<\/div>\n\n\t\t\t\t\t\t\t\t<div class=\"col col--6 col--md-order-1\">\n\t\t\t\t\n\t\t\t\t\t<figure class=\"atvyko-image\">\n\t\t\t\t\t\t<div>\n\t\t\t\t\t\t<img loading=\"lazy\" decoding=\"async\" width=\"496\" height=\"284\" src=\"https:\/\/atvido.com\/wp-content\/uploads\/2022\/09\/en02-1.png\" class=\"attachment-large size-large\" alt=\"\" srcset=\"https:\/\/atvido.com\/wp-content\/uploads\/2022\/09\/en02-1.png 496w, https:\/\/atvido.com\/wp-content\/uploads\/2022\/09\/en02-1-300x172.png 300w\" sizes=\"(max-width: 496px) 100vw, 496px\" \/>\t\t\t\t\t\t<\/div>\n\t\t\t\t\t<\/figure>\n\n\t\t\t\t<\/div>\n\t\t\t<\/div>\n\t\t<\/div>\n\n\t\t\t\t\t\t<\/div>\n\t\t\t\t<\/div>\n\t\t\t\t<div class=\"elementor-element elementor-element-9ae6492 elementor-widget elementor-widget-atvyko-faq\" data-id=\"9ae6492\" data-element_type=\"widget\" data-e-type=\"widget\" data-widget_type=\"atvyko-faq.default\">\n\t\t\t\t<div class=\"elementor-widget-container\">\n\t\t\t\t\t\n\t\t<div class=\"atvyko-faqs heading heading--bg\">\n\n\t\t\t<div class=\"row row row--justify-center row--align-center\">\n\t\t\t\t<div class=\"col col--10 col--lg-12\">\n\n\t\t\t\t\t\t\t\t\t\t\t<h1>H\u00e4ufig gestellte Fragen<\/h1>\n\t\t\t\t\t\n\t\t\t\t\t\n\t\t\t\t<\/div>\n\t\t\t<\/div>\n\n\t\t\t\t\t\t<div class=\"row row--justify-center\">\n\t\t\t\t<div class=\"col col--7 col--lg-8 col--md-9 col--sm-12\">\n\t\t\t\t\t<div class=\"heading__image\">\n\t\t\t\t\t\t<img loading=\"lazy\" decoding=\"async\" width=\"640\" height=\"426\" src=\"https:\/\/atvido.com\/wp-content\/uploads\/2022\/09\/Atvido-Com-Iliustracija-1024x682.png\" class=\"attachment-large size-large\" alt=\"Atvido Coins FAQ\" srcset=\"https:\/\/atvido.com\/wp-content\/uploads\/2022\/09\/Atvido-Com-Iliustracija-1024x682.png 1024w, https:\/\/atvido.com\/wp-content\/uploads\/2022\/09\/Atvido-Com-Iliustracija-300x200.png 300w, https:\/\/atvido.com\/wp-content\/uploads\/2022\/09\/Atvido-Com-Iliustracija-768x512.png 768w, https:\/\/atvido.com\/wp-content\/uploads\/2022\/09\/Atvido-Com-Iliustracija-1536x1024.png 1536w, https:\/\/atvido.com\/wp-content\/uploads\/2022\/09\/Atvido-Com-Iliustracija.png 1751w\" sizes=\"(max-width: 640px) 100vw, 640px\" \/>\t\t\t\t\t<\/div>\n\t\t\t\t<\/div>\n\t\t\t<\/div>\n\t\t\t\n\t\t\t\n\t\t\t\n\t\t<\/div>\n\n\t\t\t\t\t\t<\/div>\n\t\t\t\t<\/div>\n\t\t\t\t\t<\/div>\n\t\t<\/div>\n\t\t\t\t\t<\/div>\n\t\t<\/section>\n\t\t\t\t<\/div>\n\t\t","protected":false},"excerpt":{"rendered":"<p>Wie funktioniert Atvido? Just a few steps and the parcel will be at your door Wir vergeben Ihnen eine UK&#8230;<\/p>\n","protected":false},"author":1,"featured_media":0,"parent":0,"menu_order":0,"comment_status":"closed","ping_status":"closed","template":"page-no-header.php","meta":{"inline_featured_image":false,"footnotes":""},"class_list":["post-1062521","page","type-page","status-publish","hentry"],"yoast_head":"<!-- This site is optimized with the Yoast SEO plugin v27.4 - https:\/\/yoast.com\/product\/yoast-seo-wordpress\/ -->\n<title>Wie funktioniert&#039;s? - Atvido<\/title>\n<meta name=\"robots\" content=\"index, follow, max-snippet:-1, max-image-preview:large, max-video-preview:-1\" \/>\n<link rel=\"canonical\" href=\"https:\/\/atvido.com\/de\/wie-funktionierts\/\" \/>\n<meta property=\"og:locale\" content=\"de_DE\" \/>\n<meta property=\"og:type\" content=\"article\" \/>\n<meta property=\"og:title\" content=\"Wie funktioniert&#039;s? - Atvido\" \/>\n<meta property=\"og:description\" content=\"Wie funktioniert Atvido? Just a few steps and the parcel will be at your door Wir vergeben Ihnen eine UK...\" \/>\n<meta property=\"og:url\" content=\"https:\/\/atvido.com\/de\/wie-funktionierts\/\" \/>\n<meta property=\"og:site_name\" content=\"Atvido\" \/>\n<meta property=\"article:publisher\" content=\"https:\/\/www.facebook.com\/atvido\" \/>\n<meta property=\"article:modified_time\" content=\"2024-01-30T15:52:45+00:00\" \/>\n<meta property=\"og:image\" content=\"https:\/\/atvido.com\/wp-content\/uploads\/2022\/03\/kaip-tai-veikia.png\" \/>\n<meta name=\"twitter:card\" content=\"summary_large_image\" \/>\n<script type=\"application\/ld+json\" class=\"yoast-schema-graph\">{\"@context\":\"https:\\\/\\\/schema.org\",\"@graph\":[{\"@type\":\"WebPage\",\"@id\":\"https:\\\/\\\/atvido.com\\\/de\\\/wie-funktionierts\\\/\",\"url\":\"https:\\\/\\\/atvido.com\\\/de\\\/wie-funktionierts\\\/\",\"name\":\"Wie funktioniert's? - Atvido\",\"isPartOf\":{\"@id\":\"https:\\\/\\\/atvido.com\\\/de\\\/#website\"},\"primaryImageOfPage\":{\"@id\":\"https:\\\/\\\/atvido.com\\\/de\\\/wie-funktionierts\\\/#primaryimage\"},\"image\":{\"@id\":\"https:\\\/\\\/atvido.com\\\/de\\\/wie-funktionierts\\\/#primaryimage\"},\"thumbnailUrl\":\"https:\\\/\\\/atvido.com\\\/wp-content\\\/uploads\\\/2022\\\/03\\\/kaip-tai-veikia.png\",\"datePublished\":\"2022-03-12T15:20:41+00:00\",\"dateModified\":\"2024-01-30T15:52:45+00:00\",\"breadcrumb\":{\"@id\":\"https:\\\/\\\/atvido.com\\\/de\\\/wie-funktionierts\\\/#breadcrumb\"},\"inLanguage\":\"de\",\"potentialAction\":[{\"@type\":\"ReadAction\",\"target\":[\"https:\\\/\\\/atvido.com\\\/de\\\/wie-funktionierts\\\/\"]}]},{\"@type\":\"ImageObject\",\"inLanguage\":\"de\",\"@id\":\"https:\\\/\\\/atvido.com\\\/de\\\/wie-funktionierts\\\/#primaryimage\",\"url\":\"https:\\\/\\\/atvido.com\\\/wp-content\\\/uploads\\\/2022\\\/03\\\/kaip-tai-veikia.png\",\"contentUrl\":\"https:\\\/\\\/atvido.com\\\/wp-content\\\/uploads\\\/2022\\\/03\\\/kaip-tai-veikia.png\"},{\"@type\":\"BreadcrumbList\",\"@id\":\"https:\\\/\\\/atvido.com\\\/de\\\/wie-funktionierts\\\/#breadcrumb\",\"itemListElement\":[{\"@type\":\"ListItem\",\"position\":1,\"name\":\"Home\",\"item\":\"https:\\\/\\\/atvido.com\\\/de\\\/startseite\\\/\"},{\"@type\":\"ListItem\",\"position\":2,\"name\":\"Wie funktioniert&#8217;s?\"}]},{\"@type\":\"WebSite\",\"@id\":\"https:\\\/\\\/atvido.com\\\/de\\\/#website\",\"url\":\"https:\\\/\\\/atvido.com\\\/de\\\/\",\"name\":\"Atvido\",\"description\":\"Get an UK address and save up to 80% on international delivery\",\"publisher\":{\"@id\":\"https:\\\/\\\/atvido.com\\\/de\\\/#organization\"},\"potentialAction\":[{\"@type\":\"SearchAction\",\"target\":{\"@type\":\"EntryPoint\",\"urlTemplate\":\"https:\\\/\\\/atvido.com\\\/de\\\/?s={search_term_string}\"},\"query-input\":{\"@type\":\"PropertyValueSpecification\",\"valueRequired\":true,\"valueName\":\"search_term_string\"}}],\"inLanguage\":\"de\"},{\"@type\":\"Organization\",\"@id\":\"https:\\\/\\\/atvido.com\\\/de\\\/#organization\",\"name\":\"Atvido\",\"url\":\"https:\\\/\\\/atvido.com\\\/de\\\/\",\"logo\":{\"@type\":\"ImageObject\",\"inLanguage\":\"de\",\"@id\":\"https:\\\/\\\/atvido.com\\\/de\\\/#\\\/schema\\\/logo\\\/image\\\/\",\"url\":\"https:\\\/\\\/atvido.com\\\/wp-content\\\/uploads\\\/2022\\\/10\\\/Untitled-design-2022-09-27T022430.975.png\",\"contentUrl\":\"https:\\\/\\\/atvido.com\\\/wp-content\\\/uploads\\\/2022\\\/10\\\/Untitled-design-2022-09-27T022430.975.png\",\"width\":1024,\"height\":1024,\"caption\":\"Atvido\"},\"image\":{\"@id\":\"https:\\\/\\\/atvido.com\\\/de\\\/#\\\/schema\\\/logo\\\/image\\\/\"},\"sameAs\":[\"https:\\\/\\\/www.facebook.com\\\/atvido\"]}]}<\/script>\n<!-- \/ Yoast SEO plugin. -->","yoast_head_json":{"title":"Wie funktioniert's? - Atvido","robots":{"index":"index","follow":"follow","max-snippet":"max-snippet:-1","max-image-preview":"max-image-preview:large","max-video-preview":"max-video-preview:-1"},"canonical":"https:\/\/atvido.com\/de\/wie-funktionierts\/","og_locale":"de_DE","og_type":"article","og_title":"Wie funktioniert's? - Atvido","og_description":"Wie funktioniert Atvido? Just a few steps and the parcel will be at your door Wir vergeben Ihnen eine UK...","og_url":"https:\/\/atvido.com\/de\/wie-funktionierts\/","og_site_name":"Atvido","article_publisher":"https:\/\/www.facebook.com\/atvido","article_modified_time":"2024-01-30T15:52:45+00:00","og_image":[{"url":"https:\/\/atvido.com\/wp-content\/uploads\/2022\/03\/kaip-tai-veikia.png","type":"","width":"","height":""}],"twitter_card":"summary_large_image","schema":{"@context":"https:\/\/schema.org","@graph":[{"@type":"WebPage","@id":"https:\/\/atvido.com\/de\/wie-funktionierts\/","url":"https:\/\/atvido.com\/de\/wie-funktionierts\/","name":"Wie funktioniert's? - Atvido","isPartOf":{"@id":"https:\/\/atvido.com\/de\/#website"},"primaryImageOfPage":{"@id":"https:\/\/atvido.com\/de\/wie-funktionierts\/#primaryimage"},"image":{"@id":"https:\/\/atvido.com\/de\/wie-funktionierts\/#primaryimage"},"thumbnailUrl":"https:\/\/atvido.com\/wp-content\/uploads\/2022\/03\/kaip-tai-veikia.png","datePublished":"2022-03-12T15:20:41+00:00","dateModified":"2024-01-30T15:52:45+00:00","breadcrumb":{"@id":"https:\/\/atvido.com\/de\/wie-funktionierts\/#breadcrumb"},"inLanguage":"de","potentialAction":[{"@type":"ReadAction","target":["https:\/\/atvido.com\/de\/wie-funktionierts\/"]}]},{"@type":"ImageObject","inLanguage":"de","@id":"https:\/\/atvido.com\/de\/wie-funktionierts\/#primaryimage","url":"https:\/\/atvido.com\/wp-content\/uploads\/2022\/03\/kaip-tai-veikia.png","contentUrl":"https:\/\/atvido.com\/wp-content\/uploads\/2022\/03\/kaip-tai-veikia.png"},{"@type":"BreadcrumbList","@id":"https:\/\/atvido.com\/de\/wie-funktionierts\/#breadcrumb","itemListElement":[{"@type":"ListItem","position":1,"name":"Home","item":"https:\/\/atvido.com\/de\/startseite\/"},{"@type":"ListItem","position":2,"name":"Wie funktioniert&#8217;s?"}]},{"@type":"WebSite","@id":"https:\/\/atvido.com\/de\/#website","url":"https:\/\/atvido.com\/de\/","name":"Atvido","description":"Get an UK address and save up to 80% on international delivery","publisher":{"@id":"https:\/\/atvido.com\/de\/#organization"},"potentialAction":[{"@type":"SearchAction","target":{"@type":"EntryPoint","urlTemplate":"https:\/\/atvido.com\/de\/?s={search_term_string}"},"query-input":{"@type":"PropertyValueSpecification","valueRequired":true,"valueName":"search_term_string"}}],"inLanguage":"de"},{"@type":"Organization","@id":"https:\/\/atvido.com\/de\/#organization","name":"Atvido","url":"https:\/\/atvido.com\/de\/","logo":{"@type":"ImageObject","inLanguage":"de","@id":"https:\/\/atvido.com\/de\/#\/schema\/logo\/image\/","url":"https:\/\/atvido.com\/wp-content\/uploads\/2022\/10\/Untitled-design-2022-09-27T022430.975.png","contentUrl":"https:\/\/atvido.com\/wp-content\/uploads\/2022\/10\/Untitled-design-2022-09-27T022430.975.png","width":1024,"height":1024,"caption":"Atvido"},"image":{"@id":"https:\/\/atvido.com\/de\/#\/schema\/logo\/image\/"},"sameAs":["https:\/\/www.facebook.com\/atvido"]}]}},"acf":[],"_links":{"self":[{"href":"https:\/\/atvido.com\/de\/wp-json\/wp\/v2\/pages\/1062521","targetHints":{"allow":["GET"]}}],"collection":[{"href":"https:\/\/atvido.com\/de\/wp-json\/wp\/v2\/pages"}],"about":[{"href":"https:\/\/atvido.com\/de\/wp-json\/wp\/v2\/types\/page"}],"author":[{"embeddable":true,"href":"https:\/\/atvido.com\/de\/wp-json\/wp\/v2\/users\/1"}],"replies":[{"embeddable":true,"href":"https:\/\/atvido.com\/de\/wp-json\/wp\/v2\/comments?post=1062521"}],"version-history":[{"count":4,"href":"https:\/\/atvido.com\/de\/wp-json\/wp\/v2\/pages\/1062521\/revisions"}],"predecessor-version":[{"id":1062872,"href":"https:\/\/atvido.com\/de\/wp-json\/wp\/v2\/pages\/1062521\/revisions\/1062872"}],"wp:attachment":[{"href":"https:\/\/atvido.com\/de\/wp-json\/wp\/v2\/media?parent=1062521"}],"curies":[{"name":"wp","href":"https:\/\/api.w.org\/{rel}","templated":true}]}}