{"id":1062515,"date":"2022-03-12T19:56:36","date_gmt":"2022-03-12T17:56:36","guid":{"rendered":"https:\/\/atvido.com\/uber-uns\/"},"modified":"2024-01-24T23:06:58","modified_gmt":"2024-01-24T21:06:58","slug":"uber-uns","status":"publish","type":"page","link":"https:\/\/atvido.com\/de\/uber-uns\/","title":{"rendered":"\u00dcber uns"},"content":{"rendered":"\t\t<div data-elementor-type=\"wp-page\" data-elementor-id=\"1062515\" class=\"elementor elementor-1062515 elementor-566\" data-elementor-post-type=\"page\">\n\t\t\t\t\t\t<section class=\"elementor-section elementor-top-section elementor-element elementor-element-0abb891 elementor-section-full_width elementor-section-height-default elementor-section-height-default\" data-id=\"0abb891\" data-element_type=\"section\" data-e-type=\"section\">\n\t\t\t\t\t\t<div class=\"elementor-container elementor-column-gap-no\">\n\t\t\t\t\t<div class=\"elementor-column elementor-col-100 elementor-top-column elementor-element elementor-element-77ef659\" data-id=\"77ef659\" data-element_type=\"column\" data-e-type=\"column\">\n\t\t\t<div class=\"elementor-widget-wrap elementor-element-populated\">\n\t\t\t\t\t\t<div class=\"elementor-element elementor-element-dc06ed4 elementor-widget elementor-widget-atvyko-heading\" data-id=\"dc06ed4\" data-element_type=\"widget\" data-e-type=\"widget\" data-widget_type=\"atvyko-heading.default\">\n\t\t\t\t<div class=\"elementor-widget-container\">\n\t\t\t\t\t\n\t\t<div class=\"atvyko-heading heading heading--center heading--bg el-after-style_1\">\n\n\t\t\t<div class=\"row row row--justify-center row--align-center\">\n\t\t\t\t<div class=\"col col--10 col--lg-12\">\n\t\t\t\t\t<h1>About Us<\/h1>\t\t\t\t\t\t\t\t\t\t<div class=\"heading__excerpt\">\n\t\t\t\t\t\t<p>\nWe do our best to ensure that goods from the UK and Germany online stores, would reach our customers faster and at the lowest price.<\/p>\n\t\t\t\t\t<\/div>\n\t\t\t\t\t\n\t\t\t\t\t\t\t\t\t<\/div>\n\t\t\t<\/div>\n\n\t\t\t\t\t\t<div class=\"row row--justify-center\">\n\t\t\t\t<div class=\"col col--7 col--lg-8 col--md-9 col--sm-12\">\n\t\t\t\t\t<div class=\"heading__image\">\n\t\t\t\t\t\t\n\t\t\t\t\t\t<img fetchpriority=\"high\" decoding=\"async\" width=\"640\" height=\"444\" src=\"https:\/\/atvido.com\/wp-content\/uploads\/2022\/03\/apie-mus.png\" class=\"attachment-large size-large\" alt=\"\" srcset=\"https:\/\/atvido.com\/wp-content\/uploads\/2022\/03\/apie-mus.png 640w, https:\/\/atvido.com\/wp-content\/uploads\/2022\/03\/apie-mus-300x208.png 300w\" sizes=\"(max-width: 640px) 100vw, 640px\" \/>\t\t\t\t\t<\/div>\n\t\t\t\t<\/div>\n\t\t\t<\/div>\n\t\t\t\n\t\t<\/div>\n\n\t\t\t\t\t\t<\/div>\n\t\t\t\t<\/div>\n\t\t\t\t<div class=\"elementor-element elementor-element-173a113 elementor-widget elementor-widget-atvyko-image-text\" data-id=\"173a113\" data-element_type=\"widget\" data-e-type=\"widget\" data-widget_type=\"atvyko-image-text.default\">\n\t\t\t\t<div class=\"elementor-widget-container\">\n\t\t\t\t\t\n\n\t\t<div class=\"atvyko-image-text atvyko-image-text--right atvyko-image-text--content el-after-style_2\">\n\t\t\t\t\t\t<div class=\"row row--align-center row--justify-between\">\n\t\t\t\t<div class=\"col col--5 col--lg-6 col--md-order-2\">\n\t\t\t\n\t\t\t\t\t\t\t\t\t\t<div class=\"atvyko-image-text__heading\">\n\t\t\t\t\t\t\t\t\t\t\t\t\t<h2>Atvido.com - was ist das?<\/h2>\n\t\t\t\t\t\t\t\t\t\t\t\t\t\t\t\t\t<\/div>\n\t\t\t\t\t\n\t\t\t\t\t<p>Wir vermitteln im Allgemeinen zwischen UK &amp; DE Online-Shops und K\u00e4ufern aus der ganzen Welt.<\/p><p>Direktversand ist oft nicht m\u00f6glich oder sehr teuer.<\/p><p>Hier haben wir die M\u00f6glichkeit zu helfen!<\/p>\n\t\t\t\t\t\n\t\t\t\t\t\n\t\t\t\t<\/div>\n\n\t\t\t\t\t\t\t\t<div class=\"col col--6 col--md-order-1\">\n\t\t\t\t\n\t\t\t\t\t<figure class=\"atvyko-image\">\n\t\t\t\t\t\t<div>\n\t\t\t\t\t\t<img decoding=\"async\" width=\"496\" height=\"380\" src=\"https:\/\/atvido.com\/wp-content\/uploads\/2022\/03\/kas-tai.png\" class=\"attachment-large size-large\" alt=\"\" srcset=\"https:\/\/atvido.com\/wp-content\/uploads\/2022\/03\/kas-tai.png 496w, https:\/\/atvido.com\/wp-content\/uploads\/2022\/03\/kas-tai-300x230.png 300w\" sizes=\"(max-width: 496px) 100vw, 496px\" \/>\t\t\t\t\t\t<\/div>\n\t\t\t\t\t<\/figure>\n\n\t\t\t\t<\/div>\n\t\t\t<\/div>\n\t\t<\/div>\n\n\t\t\t\t\t\t<\/div>\n\t\t\t\t<\/div>\n\t\t\t\t<div class=\"elementor-element elementor-element-204d46c elementor-widget elementor-widget-atvyko-image-text\" data-id=\"204d46c\" data-element_type=\"widget\" data-e-type=\"widget\" data-widget_type=\"atvyko-image-text.default\">\n\t\t\t\t<div class=\"elementor-widget-container\">\n\t\t\t\t\t\n\n\t\t<div class=\"atvyko-image-text atvyko-image-text--left atvyko-image-text--content el-after-style_3\">\n\t\t\t\t\t\t<div class=\"row row--align-center row--justify-between\">\n\t\t\t\t<div class=\"col col--5 col--lg-6 col--md-order-2\">\n\t\t\t\n\t\t\t\t\t\t\t\t\t\t<div class=\"atvyko-image-text__heading\">\n\t\t\t\t\t\t\t\t\t\t\t\t\t<h2>Mehr erfahren...<\/h2>\n\t\t\t\t\t\t\t\t\t\t\t\t\t\t\t\t\t<\/div>\n\t\t\t\t\t\n\t\t\t\t\t<p>Zwar ist der Versand innerhalb des Vereinigten K\u00f6nigreichs oder Deutschlands in der Regel kostenlos, doch wenn ein Verk\u00e4ufer einen Artikel in ein anderes Land versenden muss, ist der Versand teuer und manchmal gar nicht m\u00f6glich.<\/p><p>Mit unserem Service k\u00f6nnen Sie in allen Online-Shops und E-Commerce-Plattformen wie Ebay und Amazon einkaufen, Sendungen b\u00fcndeln und nur einmal bezahlen.<\/p>\n\t\t\t\t\t\n\t\t\t\t\t\n\t\t\t\t<\/div>\n\n\t\t\t\t\t\t\t\t<div class=\"col col--6 col--md-order-1\">\n\t\t\t\t\n\t\t\t\t\t<figure class=\"atvyko-image\">\n\t\t\t\t\t\t<div>\n\t\t\t\t\t\t<img decoding=\"async\" width=\"496\" height=\"380\" src=\"https:\/\/atvido.com\/wp-content\/uploads\/2022\/03\/placiau.png\" class=\"attachment-large size-large\" alt=\"\" srcset=\"https:\/\/atvido.com\/wp-content\/uploads\/2022\/03\/placiau.png 496w, https:\/\/atvido.com\/wp-content\/uploads\/2022\/03\/placiau-300x230.png 300w\" sizes=\"(max-width: 496px) 100vw, 496px\" \/>\t\t\t\t\t\t<\/div>\n\t\t\t\t\t<\/figure>\n\n\t\t\t\t<\/div>\n\t\t\t<\/div>\n\t\t<\/div>\n\n\t\t\t\t\t\t<\/div>\n\t\t\t\t<\/div>\n\t\t\t\t<div class=\"elementor-element elementor-element-10e67ce elementor-widget elementor-widget-atvyko-image-text\" data-id=\"10e67ce\" data-element_type=\"widget\" data-e-type=\"widget\" data-widget_type=\"atvyko-image-text.default\">\n\t\t\t\t<div class=\"elementor-widget-container\">\n\t\t\t\t\t\n\n\t\t<div class=\"atvyko-image-text atvyko-image-text--right atvyko-image-text--content el-after-none\">\n\t\t\t\t\t\t<div class=\"row row--align-center row--justify-between\">\n\t\t\t\t<div class=\"col col--5 col--lg-6 col--md-order-2\">\n\t\t\t\n\t\t\t\t\t\t\t\t\t\t<div class=\"atvyko-image-text__heading\">\n\t\t\t\t\t\t\t\t\t\t\t\t\t<h2>And what is the benefit to me?<\/h2>\n\t\t\t\t\t\t\t\t\t\t\t\t\t\t\t\t\t<\/div>\n\t\t\t\t\t\n\t\t\t\t\t<p>First of all - money, because using our service you can save up to 80% of shipping costs.<\/p><p>Why pay more?<\/p><p>Secondly - free returns. With our delivery, you can return goods to sellers completely free of charge, wherever you live.<\/p>\n\t\t\t\t\t\n\t\t\t\t\t\n\t\t\t\t<\/div>\n\n\t\t\t\t\t\t\t\t<div class=\"col col--6 col--md-order-1\">\n\t\t\t\t\n\t\t\t\t\t<figure class=\"atvyko-image\">\n\t\t\t\t\t\t<div>\n\t\t\t\t\t\t<img loading=\"lazy\" decoding=\"async\" width=\"496\" height=\"380\" src=\"https:\/\/atvido.com\/wp-content\/uploads\/2022\/03\/nauda.png\" class=\"attachment-large size-large\" alt=\"\" srcset=\"https:\/\/atvido.com\/wp-content\/uploads\/2022\/03\/nauda.png 496w, https:\/\/atvido.com\/wp-content\/uploads\/2022\/03\/nauda-300x230.png 300w\" sizes=\"(max-width: 496px) 100vw, 496px\" \/>\t\t\t\t\t\t<\/div>\n\t\t\t\t\t<\/figure>\n\n\t\t\t\t<\/div>\n\t\t\t<\/div>\n\t\t<\/div>\n\n\t\t\t\t\t\t<\/div>\n\t\t\t\t<\/div>\n\t\t\t\t\t<\/div>\n\t\t<\/div>\n\t\t\t\t\t<\/div>\n\t\t<\/section>\n\t\t\t\t<\/div>\n\t\t","protected":false},"excerpt":{"rendered":"<p>About Us We do our best to ensure that goods from the UK and Germany online stores, would reach our&#8230;<\/p>\n","protected":false},"author":1,"featured_media":0,"parent":0,"menu_order":0,"comment_status":"closed","ping_status":"closed","template":"page-no-header.php","meta":{"inline_featured_image":false,"footnotes":""},"class_list":["post-1062515","page","type-page","status-publish","hentry"],"yoast_head":"<!-- This site is optimized with the Yoast SEO plugin v27.4 - https:\/\/yoast.com\/product\/yoast-seo-wordpress\/ -->\n<title>\u00dcber uns - Atvido<\/title>\n<meta name=\"robots\" content=\"index, follow, max-snippet:-1, max-image-preview:large, max-video-preview:-1\" \/>\n<link rel=\"canonical\" href=\"https:\/\/atvido.com\/de\/uber-uns\/\" \/>\n<meta property=\"og:locale\" content=\"de_DE\" \/>\n<meta property=\"og:type\" content=\"article\" \/>\n<meta property=\"og:title\" content=\"\u00dcber uns - Atvido\" \/>\n<meta property=\"og:description\" content=\"About Us We do our best to ensure that goods from the UK and Germany online stores, would reach our...\" \/>\n<meta property=\"og:url\" content=\"https:\/\/atvido.com\/de\/uber-uns\/\" \/>\n<meta property=\"og:site_name\" content=\"Atvido\" \/>\n<meta property=\"article:publisher\" content=\"https:\/\/www.facebook.com\/atvido\" \/>\n<meta property=\"article:modified_time\" content=\"2024-01-24T21:06:58+00:00\" \/>\n<meta property=\"og:image\" content=\"https:\/\/atvido.com\/wp-content\/uploads\/2022\/03\/apie-mus.png\" \/>\n<meta name=\"twitter:card\" content=\"summary_large_image\" \/>\n<script type=\"application\/ld+json\" class=\"yoast-schema-graph\">{\"@context\":\"https:\\\/\\\/schema.org\",\"@graph\":[{\"@type\":\"WebPage\",\"@id\":\"https:\\\/\\\/atvido.com\\\/de\\\/uber-uns\\\/\",\"url\":\"https:\\\/\\\/atvido.com\\\/de\\\/uber-uns\\\/\",\"name\":\"\u00dcber uns - Atvido\",\"isPartOf\":{\"@id\":\"https:\\\/\\\/atvido.com\\\/de\\\/#website\"},\"primaryImageOfPage\":{\"@id\":\"https:\\\/\\\/atvido.com\\\/de\\\/uber-uns\\\/#primaryimage\"},\"image\":{\"@id\":\"https:\\\/\\\/atvido.com\\\/de\\\/uber-uns\\\/#primaryimage\"},\"thumbnailUrl\":\"https:\\\/\\\/atvido.com\\\/wp-content\\\/uploads\\\/2022\\\/03\\\/apie-mus.png\",\"datePublished\":\"2022-03-12T17:56:36+00:00\",\"dateModified\":\"2024-01-24T21:06:58+00:00\",\"breadcrumb\":{\"@id\":\"https:\\\/\\\/atvido.com\\\/de\\\/uber-uns\\\/#breadcrumb\"},\"inLanguage\":\"de\",\"potentialAction\":[{\"@type\":\"ReadAction\",\"target\":[\"https:\\\/\\\/atvido.com\\\/de\\\/uber-uns\\\/\"]}]},{\"@type\":\"ImageObject\",\"inLanguage\":\"de\",\"@id\":\"https:\\\/\\\/atvido.com\\\/de\\\/uber-uns\\\/#primaryimage\",\"url\":\"https:\\\/\\\/atvido.com\\\/wp-content\\\/uploads\\\/2022\\\/03\\\/apie-mus.png\",\"contentUrl\":\"https:\\\/\\\/atvido.com\\\/wp-content\\\/uploads\\\/2022\\\/03\\\/apie-mus.png\"},{\"@type\":\"BreadcrumbList\",\"@id\":\"https:\\\/\\\/atvido.com\\\/de\\\/uber-uns\\\/#breadcrumb\",\"itemListElement\":[{\"@type\":\"ListItem\",\"position\":1,\"name\":\"Home\",\"item\":\"https:\\\/\\\/atvido.com\\\/de\\\/startseite\\\/\"},{\"@type\":\"ListItem\",\"position\":2,\"name\":\"\u00dcber uns\"}]},{\"@type\":\"WebSite\",\"@id\":\"https:\\\/\\\/atvido.com\\\/de\\\/#website\",\"url\":\"https:\\\/\\\/atvido.com\\\/de\\\/\",\"name\":\"Atvido\",\"description\":\"Get an UK address and save up to 80% on international delivery\",\"publisher\":{\"@id\":\"https:\\\/\\\/atvido.com\\\/de\\\/#organization\"},\"potentialAction\":[{\"@type\":\"SearchAction\",\"target\":{\"@type\":\"EntryPoint\",\"urlTemplate\":\"https:\\\/\\\/atvido.com\\\/de\\\/?s={search_term_string}\"},\"query-input\":{\"@type\":\"PropertyValueSpecification\",\"valueRequired\":true,\"valueName\":\"search_term_string\"}}],\"inLanguage\":\"de\"},{\"@type\":\"Organization\",\"@id\":\"https:\\\/\\\/atvido.com\\\/de\\\/#organization\",\"name\":\"Atvido\",\"url\":\"https:\\\/\\\/atvido.com\\\/de\\\/\",\"logo\":{\"@type\":\"ImageObject\",\"inLanguage\":\"de\",\"@id\":\"https:\\\/\\\/atvido.com\\\/de\\\/#\\\/schema\\\/logo\\\/image\\\/\",\"url\":\"https:\\\/\\\/atvido.com\\\/wp-content\\\/uploads\\\/2022\\\/10\\\/Untitled-design-2022-09-27T022430.975.png\",\"contentUrl\":\"https:\\\/\\\/atvido.com\\\/wp-content\\\/uploads\\\/2022\\\/10\\\/Untitled-design-2022-09-27T022430.975.png\",\"width\":1024,\"height\":1024,\"caption\":\"Atvido\"},\"image\":{\"@id\":\"https:\\\/\\\/atvido.com\\\/de\\\/#\\\/schema\\\/logo\\\/image\\\/\"},\"sameAs\":[\"https:\\\/\\\/www.facebook.com\\\/atvido\"]}]}<\/script>\n<!-- \/ Yoast SEO plugin. -->","yoast_head_json":{"title":"\u00dcber uns - Atvido","robots":{"index":"index","follow":"follow","max-snippet":"max-snippet:-1","max-image-preview":"max-image-preview:large","max-video-preview":"max-video-preview:-1"},"canonical":"https:\/\/atvido.com\/de\/uber-uns\/","og_locale":"de_DE","og_type":"article","og_title":"\u00dcber uns - Atvido","og_description":"About Us We do our best to ensure that goods from the UK and Germany online stores, would reach our...","og_url":"https:\/\/atvido.com\/de\/uber-uns\/","og_site_name":"Atvido","article_publisher":"https:\/\/www.facebook.com\/atvido","article_modified_time":"2024-01-24T21:06:58+00:00","og_image":[{"url":"https:\/\/atvido.com\/wp-content\/uploads\/2022\/03\/apie-mus.png","type":"","width":"","height":""}],"twitter_card":"summary_large_image","schema":{"@context":"https:\/\/schema.org","@graph":[{"@type":"WebPage","@id":"https:\/\/atvido.com\/de\/uber-uns\/","url":"https:\/\/atvido.com\/de\/uber-uns\/","name":"\u00dcber uns - Atvido","isPartOf":{"@id":"https:\/\/atvido.com\/de\/#website"},"primaryImageOfPage":{"@id":"https:\/\/atvido.com\/de\/uber-uns\/#primaryimage"},"image":{"@id":"https:\/\/atvido.com\/de\/uber-uns\/#primaryimage"},"thumbnailUrl":"https:\/\/atvido.com\/wp-content\/uploads\/2022\/03\/apie-mus.png","datePublished":"2022-03-12T17:56:36+00:00","dateModified":"2024-01-24T21:06:58+00:00","breadcrumb":{"@id":"https:\/\/atvido.com\/de\/uber-uns\/#breadcrumb"},"inLanguage":"de","potentialAction":[{"@type":"ReadAction","target":["https:\/\/atvido.com\/de\/uber-uns\/"]}]},{"@type":"ImageObject","inLanguage":"de","@id":"https:\/\/atvido.com\/de\/uber-uns\/#primaryimage","url":"https:\/\/atvido.com\/wp-content\/uploads\/2022\/03\/apie-mus.png","contentUrl":"https:\/\/atvido.com\/wp-content\/uploads\/2022\/03\/apie-mus.png"},{"@type":"BreadcrumbList","@id":"https:\/\/atvido.com\/de\/uber-uns\/#breadcrumb","itemListElement":[{"@type":"ListItem","position":1,"name":"Home","item":"https:\/\/atvido.com\/de\/startseite\/"},{"@type":"ListItem","position":2,"name":"\u00dcber uns"}]},{"@type":"WebSite","@id":"https:\/\/atvido.com\/de\/#website","url":"https:\/\/atvido.com\/de\/","name":"Atvido","description":"Get an UK address and save up to 80% on international delivery","publisher":{"@id":"https:\/\/atvido.com\/de\/#organization"},"potentialAction":[{"@type":"SearchAction","target":{"@type":"EntryPoint","urlTemplate":"https:\/\/atvido.com\/de\/?s={search_term_string}"},"query-input":{"@type":"PropertyValueSpecification","valueRequired":true,"valueName":"search_term_string"}}],"inLanguage":"de"},{"@type":"Organization","@id":"https:\/\/atvido.com\/de\/#organization","name":"Atvido","url":"https:\/\/atvido.com\/de\/","logo":{"@type":"ImageObject","inLanguage":"de","@id":"https:\/\/atvido.com\/de\/#\/schema\/logo\/image\/","url":"https:\/\/atvido.com\/wp-content\/uploads\/2022\/10\/Untitled-design-2022-09-27T022430.975.png","contentUrl":"https:\/\/atvido.com\/wp-content\/uploads\/2022\/10\/Untitled-design-2022-09-27T022430.975.png","width":1024,"height":1024,"caption":"Atvido"},"image":{"@id":"https:\/\/atvido.com\/de\/#\/schema\/logo\/image\/"},"sameAs":["https:\/\/www.facebook.com\/atvido"]}]}},"acf":[],"_links":{"self":[{"href":"https:\/\/atvido.com\/de\/wp-json\/wp\/v2\/pages\/1062515","targetHints":{"allow":["GET"]}}],"collection":[{"href":"https:\/\/atvido.com\/de\/wp-json\/wp\/v2\/pages"}],"about":[{"href":"https:\/\/atvido.com\/de\/wp-json\/wp\/v2\/types\/page"}],"author":[{"embeddable":true,"href":"https:\/\/atvido.com\/de\/wp-json\/wp\/v2\/users\/1"}],"replies":[{"embeddable":true,"href":"https:\/\/atvido.com\/de\/wp-json\/wp\/v2\/comments?post=1062515"}],"version-history":[{"count":31,"href":"https:\/\/atvido.com\/de\/wp-json\/wp\/v2\/pages\/1062515\/revisions"}],"predecessor-version":[{"id":1062729,"href":"https:\/\/atvido.com\/de\/wp-json\/wp\/v2\/pages\/1062515\/revisions\/1062729"}],"wp:attachment":[{"href":"https:\/\/atvido.com\/de\/wp-json\/wp\/v2\/media?parent=1062515"}],"curies":[{"name":"wp","href":"https:\/\/api.w.org\/{rel}","templated":true}]}}